{"id":690,"date":"2016-11-13T15:04:27","date_gmt":"2016-11-13T14:04:27","guid":{"rendered":"http:\/\/www.cirdic.fr\/?page_id=142"},"modified":"2016-11-13T15:04:27","modified_gmt":"2016-11-13T14:04:27","slug":"le-centre-chretien-detudes-juives-ccdej","status":"publish","type":"page","link":"https:\/\/www.cirdic.fr\/index.php\/le-centre-chretien-detudes-juives-ccdej\/","title":{"rendered":"O\u00f9 se former ?"},"content":{"rendered":"<ul>\n<li>\n<h3 style=\"text-align: justify;\"><strong>Sec<\/strong><strong>tion \u00ab\u00a0Le Juda\u00efsme\u00a0\u00bb aux Bernardins :<\/strong><\/h3>\n<div class=\"views-field-title\" style=\"text-align: justify;\"><img loading=\"lazy\" decoding=\"async\" class=\"size-full wp-image-1257 alignleft\" src=\"https:\/\/www.cirdic.fr\/wp-content\/uploads\/2016\/11\/413-histoire-juif-temple-revolution-150x150-1.jpg\" alt=\"\" width=\"150\" height=\"150\" \/>Un nouveau regard sur le juda\u00efsme, initiation au <em>Talmud<\/em> et au <em>Midrash<\/em>, Histoire du peuple juif, Juifs et Chr\u00e9tiens en dialogue, Initiation \u00e0 la liturgie synagogale, F\u00eates juives et F\u00eates chr\u00e9tiennes&#8230;. de nombreux cours semestriels sont propos\u00e9s aux Bernardins dans la\u00a0Section <a href=\"https:\/\/www.collegedesbernardins.fr\/formation\/judaisme\" target=\"_blank\" rel=\"noopener\">\u00ab\u00a0Le Juda\u00efsme\u00a0\u00bb<\/a>.<\/div>\n<\/li>\n<\/ul>\n<ul style=\"text-align: justify;\">\n<li>\n<h3><strong>Le Centre Chr\u00e9tien D\u2019\u00c9tudes Juives (CCDEJ)\u00a0:<\/strong><\/h3>\n<\/li>\n<\/ul>\n<p style=\"text-align: justify;\">Le CCDEJ offre une formation de base au Juda\u00efsme <strong>valid\u00e9e par un certificat<\/strong>. Ce certificat donne \u00e9ventuellement acc\u00e8s \u00e0 des responsabilit\u00e9s pastorales. Cette formation\u00a0offre diverses propositions pour entrer dans la connaissance, le dialogue avec nos fr\u00e8res juifs et la recherche qui nourrit ce dialogue.<br \/>\nDirecteur : <strong>Mme Sylvaine LACOUT<\/strong>.<br \/>\nInscriptions :\u00a0<a href=\"mailto:preinscriptionjudaisme@collegedesbernardins.fr\" target=\"_blank\" rel=\"noopener\">preinscriptionjudaisme@collegedesbernardins.fr<\/a>\u00a0ou au\u00a001 53 10 74 44<br \/>\n<a href=\"https:\/\/media.collegedesbernardins.fr\/content\/pdf\/formation\/2018-19-LivretCP.pdf\" target=\"_blank\" rel=\"noopener\">Brochure 2018 \u00e0 t\u00e9l\u00e9charger<\/a><br \/>\n<a href=\"http:\/\/www.collegedesbernardins.fr\/fr\/formation\/centre-chre-tien-d-e-tudes-juives.html\" target=\"_blank\" rel=\"noopener\">Pour plus de renseignements : Cliquer ici !<\/a><\/p>\n<ul style=\"text-align: justify;\">\n<li>\n<h3><strong>Centre S\u00e8vres Paris &#8211; Facult\u00e9s J\u00e9suites de Paris :<\/strong><\/h3>\n<p>Le Centre S\u00e8vres propose plusieurs onf\u00e9rences ou formations sur le juda\u00efsme : <a href=\"https:\/\/centresevres.com\/\" target=\"_blank\" rel=\"noopener\">https:\/\/centresevres.com\/<\/a><br \/>\nCentre S\u00e8vres :\u00a035bis, rue de S\u00e8vres \u2013 75006 Paris \u2013 T\u00e9l. : 01 44 39 75 00 <a href=\"mailto:contact@centresevres.com\">contact@centresevres.com<\/a><\/li>\n<li style=\"list-style-type: none;\">\n<h3><strong>Cours en ligne sur AKADEM\u00a0:<\/strong><\/h3>\n<p>De nombreux cours en ligne sont propos\u00e9s sur le site Akadem, notamment sur <a href=\"http:\/\/www.akadem.org\/sommaire\/themes\/vie-juive\/\" target=\"_blank\" rel=\"noopener\">la vie Juive<\/a>.<\/li>\n<\/ul>\n<ul style=\"text-align: justify;\">\n<li>\n<h3><strong>Institut Universitaire Elie Wiesel\u00a0:<\/strong><\/h3>\n<p><strong>Fond\u00e9 <\/strong>en 2005 \u00e0 l\u2019initiative du Centre Communautaire de Paris, <a href=\"http:\/\/www.instituteliewiesel.com\/\" target=\"_blank\" rel=\"noopener\">l\u2019Institut Elie Wiesel<\/a> est la seule institution fran\u00e7aise enti\u00e8rement consacr\u00e9e \u00e0 l\u2019enseignement sup\u00e9rieur de la civilisation du juda\u00efsme, dans une vision innovante et transdisciplinaire couvrant tous les domaines de l\u2019histoire et de la culture.\u00a0L\u2019Institut Elie Wiesel s\u2019adresse aussi bien aux \u00e9tudiants des universit\u00e9s et des grandes \u00e9coles qu\u2019au public non \u00e9tudiant, d\u00e9sireux d\u2019acqu\u00e9rir les fondements d\u2019un savoir juif.\u00a0Tout au long de l\u2019ann\u00e9e, l\u2019Institut Elie Wiesel dispense 40 cours dans diff\u00e9rentes disciplines, assur\u00e9s par un corps enseignant exclusivement compos\u00e9 d\u2019enseignants-chercheurs des\u00a0 universit\u00e9s, des grandes \u00e9coles et des centres de recherche de France, d\u2019Europe, d\u2019Isra\u00ebl et des Etats-Unis.<\/li>\n<\/ul>\n<ul style=\"text-align: justify;\">\n<li>\n<h3><strong>Institut Jean Marie Lustiger\u00a0:<\/strong><\/h3>\n<p>La f\u00e9condit\u00e9 de la pens\u00e9e et de l\u2019action de Jean-Marie Lustiger (1926-2007) est reconnue dans la soci\u00e9t\u00e9 comme dans l\u2019\u00c9glise, en France et au-del\u00e0. L\u2019Institut Jean-Marie Lustiger facilite l\u2019\u00e9tude de cette \u0153uvre foisonnante.<a href=\"http:\/\/www.institutlustiger.fr\/\" target=\"_blank\" rel=\"noopener\"> L&rsquo;Institut propose une base de donn\u00e9es enrichie r\u00e9guli\u00e8rement : conf\u00e9rences, vid\u00e9os, articles, hom\u00e9lies&#8230;<\/a><\/li>\n<\/ul>\n<ul style=\"text-align: justify;\">\n<li>\n<h3><strong>L&rsquo;Universit\u00e9 en Ligne du Juda\u00efsme\u00a0:<\/strong><\/h3>\n<p><a href=\"http:\/\/universitedujudaisme.akadem.org\/notre-projet\/\" target=\"_blank\" rel=\"noopener\">Le MOOC des \u00e9tudes juives<\/a> :\u00a0L\u2018Universit\u00e9 en ligne du Juda\u00efsme met l\u2019accent sur l\u2019organisation des savoirs, la n\u00e9cessaire progression de l\u2019apprentissage et la structuration p\u00e9dagogique. L\u2019enseignement est organis\u00e9 en \u00ab\u00a0<a href=\"http:\/\/universitedujudaisme.akadem.org\/les-cours-20142015\/\" target=\"_blank\" rel=\"noopener\">Parcours th\u00e9matiques<\/a>\u00a0\u00bb d\u00e9clin\u00e9s en plusieurs disciplines. Nous distinguons deux p\u00f4les dans l\u2019extraordinaire richesse de 30 si\u00e8cles d\u2019histoire : le juda\u00efsme et les Juifs. La \u00ab\u00a0Maison d\u2019Isra\u00ebl\u00a0\u00bb poss\u00e8de en effet deux \u00ab\u00a0entr\u00e9es\u00a0\u00bb: \u00e0 la fois peuple et communaut\u00e9 religieuse. \u00c0 c\u00f4t\u00e9 d\u2019une pens\u00e9e qui s\u2019est enroul\u00e9e autour de la <em>Tora<\/em>, le peuple d\u2019Isra\u00ebl a d\u00e9velopp\u00e9 aussi l\u2019histoire d\u2019une soci\u00e9t\u00e9 dans l\u2019humanit\u00e9. Cette\u00a0Universit\u00e9 en ligne r\u00e9unit ces disciplines dans des \u00ab\u00a0maisons d\u2019\u00e9tudes\u00a0\u00bb, organis\u00e9es autour de deux \u00ab\u00a0cours\u00a0\u00bb, la cour des sciences des textes et la cour des sciences sociales.<\/li>\n<\/ul>\n<ul>\n<li>\n<h3 style=\"text-align: justify;\"><strong>A.I.U. (Alliance Isra\u00e9lite Universelle)\u00a0:<\/strong><\/h3>\n<p style=\"text-align: justify;\">L\u2019<a href=\"http:\/\/www.aiu.org\/fr\" target=\"_blank\" rel=\"noopener\"><b>Alliance isra\u00e9lite universelle<\/b><\/a>\u00a0est une soci\u00e9t\u00e9 juive internationale culturelle, install\u00e9e dans diff\u00e9rents pays mais originellement fran\u00e7aise.<br \/>\n<strong>Biblioth\u00e8que de l\u2019Alliance isra\u00e9lite universelle :<\/strong><br \/>\n6 bis, rue Michel Ange 75016 PARIS.<br \/>\nT\u00e9l. : 01 55 74 79 13<br \/>\nEmail : <a href=\"mailto:biblio@aiu.org\">biblio@aiu.org<\/a><br \/>\nLa biblioth\u00e8que est ouverte <strong>uniquement sur rendez-vous ; du lundi au jeudi de 10 h \u00e0 18 h.<\/strong><br \/>\nDirecteur de la biblioth\u00e8que et des archives : Jean-Claude Kuperminc<br \/>\nT\u00e9l. : 01 55 74 27 80.<\/p>\n<\/li>\n<\/ul>\n","protected":false},"excerpt":{"rendered":"<p>Section \u00ab\u00a0Le Juda\u00efsme\u00a0\u00bb aux Bernardins : Un nouveau regard sur le juda\u00efsme, initiation au Talmud et au Midrash, Histoire du peuple juif, Juifs et Chr\u00e9tiens en dialogue, Initiation \u00e0 la liturgie synagogale, F\u00eates juives et F\u00eates chr\u00e9tiennes&#8230;. de nombreux cours semestriels sont propos\u00e9s aux Bernardins dans la\u00a0Section \u00ab\u00a0Le Juda\u00efsme\u00a0\u00bb. Le Centre Chr\u00e9tien D\u2019\u00c9tudes Juives (CCDEJ)\u00a0: &hellip; <a href=\"https:\/\/www.cirdic.fr\/index.php\/le-centre-chretien-detudes-juives-ccdej\/\" class=\"more-link\">Continuer la lecture<span class=\"screen-reader-text\"> de &laquo;&nbsp;O\u00f9 se former ?&nbsp;&raquo;<\/span><\/a><\/p>\n","protected":false},"author":1,"featured_media":0,"parent":0,"menu_order":1,"comment_status":"closed","ping_status":"closed","template":"","meta":{"footnotes":""},"class_list":["post-690","page","type-page","status-publish","hentry"],"jetpack_sharing_enabled":true,"_links":{"self":[{"href":"https:\/\/www.cirdic.fr\/index.php\/wp-json\/wp\/v2\/pages\/690","targetHints":{"allow":["GET"]}}],"collection":[{"href":"https:\/\/www.cirdic.fr\/index.php\/wp-json\/wp\/v2\/pages"}],"about":[{"href":"https:\/\/www.cirdic.fr\/index.php\/wp-json\/wp\/v2\/types\/page"}],"author":[{"embeddable":true,"href":"https:\/\/www.cirdic.fr\/index.php\/wp-json\/wp\/v2\/users\/1"}],"replies":[{"embeddable":true,"href":"https:\/\/www.cirdic.fr\/index.php\/wp-json\/wp\/v2\/comments?post=690"}],"version-history":[{"count":0,"href":"https:\/\/www.cirdic.fr\/index.php\/wp-json\/wp\/v2\/pages\/690\/revisions"}],"wp:attachment":[{"href":"https:\/\/www.cirdic.fr\/index.php\/wp-json\/wp\/v2\/media?parent=690"}],"curies":[{"name":"wp","href":"https:\/\/api.w.org\/{rel}","templated":true}]}}