{"id":689,"date":"2016-11-12T18:42:51","date_gmt":"2016-11-12T17:42:51","guid":{"rendered":"http:\/\/www.cirdic.fr\/?page_id=29"},"modified":"2016-11-12T18:42:51","modified_gmt":"2016-11-12T17:42:51","slug":"qui-sommes-nous-2","status":"publish","type":"page","link":"https:\/\/www.cirdic.fr\/index.php\/qui-sommes-nous-2\/","title":{"rendered":"Nous conna\u00eetre"},"content":{"rendered":"<h3 style=\"text-align: justify;\"><span style=\"color: #a8916f;\">Le SIDIC devient le CIRDIC !<\/span><\/h3>\n<p style=\"text-align: justify;\">Apr\u00e8s approbation en Assembl\u00e9e G\u00e9n\u00e9rale Extraordinaire de la transformation du SIDIC en CIRDIC afin d\u2019engager, dans la continuit\u00e9 des missions du SIDIC, de nouvelles actions d\u2019approfondissement des relations entre le peuple juif et l\u2019\u00e9glise catholique, un nouvelle \u00e9quipe se met en place.\u00a0Le SIDIC devient le CIRDIC, <strong>\u00ab\u00a0Centre d\u2019Initiatives pour les Relations et le Dialogue entre Juifs et Chr\u00e9tiens\u00a0\u00bb.<\/strong><\/p>\n<h3 style=\"text-align: justify;\"><span style=\"color: #a8916f;\">Notre mission :<\/span><\/h3>\n<p style=\"text-align: justify;\"><strong>\u00abSoutenir l\u2019\u00e9tude, la recherche et l\u2019enseignement des racines juives du Christianisme afin de stimuler, dans l\u2019Eglise, la connaissance et l\u2019estime mutuelles entre les chr\u00e9tiens et le peuple juif dans sa diversit\u00e9, jusque sur la terre d\u2019Isra\u00ebl\u00bb.<\/strong><\/p>\n<ul style=\"text-align: justify;\">\n<li>\u00ab\u00a0Il ne s\u2019agit pas seulement d\u2019\u00e9tablir, sur un plan humain, des relations de respect r\u00e9ciproque : nous sommes appel\u00e9s, comme chr\u00e9tiens et comme juifs, \u00e0 nous interroger en profondeur sur la signification spirituelle du lien qui nous unit. Il s\u2019agit d\u2019un lien qui vient d\u2019en-haut, qui d\u00e9passe notre volont\u00e9 et qui demeure intact, malgr\u00e9 toutes les difficult\u00e9s de relations malheureusement v\u00e9cues au cours de l\u2019histoire.\u00a0\u00bb <strong>Discours du Pape Fran\u00e7ois, Centre <em>Heichal Shlomo<\/em>, J\u00e9rusalem, Lundi 26 mai 2014.<\/strong><\/li>\n<\/ul>\n<ul style=\"text-align: justify;\">\n<li>\u201cNous sommes parvenus \u00e0 un moment historique o\u00f9 un vrai dialogue, interrompu il y a presque deux mill\u00e9naires, peut \u00e0 nouveau commencer \u2013 un dialogue, il est vrai, poursuivi comme \u00e0 voix basse par d\u2019\u00e9minents esprits trop vite ou\u00adbli\u00e9s. Il ne supprimera certes pas les oppositions ni les diff\u00e9rences entre juifs et chr\u00e9tiens. L\u2019approfondissement crois\u00e9 de la Parole de Dieu fera comprendre avec respect ce que l\u2019Esprit donne \u00e0 cha\u00adcun de comprendre et de croire. Chr\u00e9tiens et juifs se d\u00e9couvriront n\u00e9cessaires les uns aux autres dans une vision plus vive et plus forte de la grandeur du don de Dieu et de la beaut\u00e9 de la des\u00adtin\u00e9e de l\u2019hom\u00adme.\u201d <strong>Cardinal Jean-Marie Lustiger, La promesse, Parole et Silence, 2002.<\/strong><\/li>\n<\/ul>\n<ul style=\"text-align: justify;\">\n<li>\u00ab\u00a0L\u2019\u00c9glise ne peut oublier qu\u2019elle a re\u00e7u la r\u00e9v\u00e9lation de l\u2019Ancien Testament par ce peuple avec lequel Dieu, dans sa mis\u00e9ricorde indicible, a daign\u00e9 conclure l\u2019antique Alliance, et qu\u2019elle se nourrit de la racine de l\u2019olivier franc sur lequel ont \u00e9t\u00e9 greff\u00e9s les rameaux de l\u2019olivier sauvage que sont les Gentils\u2026 Du fait d\u2019un si grand patrimoine spirituel, commun aux chr\u00e9tiens et aux Juifs, le saint Concile veut encourager et recommander la connaissance et l\u2019estime mutuelles, qui na\u00eetront surtout d\u2019\u00e9tudes bibliques et th\u00e9ologiques, ainsi que d\u2019un dialogue fraternel.\u00a0\u00bb. <strong><em>Nostra Aetate<\/em> ch. 4, Concile de Vatican II, 1965.<\/strong><\/li>\n<\/ul>\n<h3 style=\"text-align: justify;\"><a href=\"https:\/\/www.cirdic.fr\/index.php\/liens\/\">\u21d2 Nos partenaires<\/a><\/h3>\n","protected":false},"excerpt":{"rendered":"<p>Le SIDIC devient le CIRDIC ! Apr\u00e8s approbation en Assembl\u00e9e G\u00e9n\u00e9rale Extraordinaire de la transformation du SIDIC en CIRDIC afin d\u2019engager, dans la continuit\u00e9 des missions du SIDIC, de nouvelles actions d\u2019approfondissement des relations entre le peuple juif et l\u2019\u00e9glise catholique, un nouvelle \u00e9quipe se met en place.\u00a0Le SIDIC devient le CIRDIC, \u00ab\u00a0Centre d\u2019Initiatives pour &hellip; <a href=\"https:\/\/www.cirdic.fr\/index.php\/qui-sommes-nous-2\/\" class=\"more-link\">Continuer la lecture<span class=\"screen-reader-text\"> de &laquo;&nbsp;Nous conna\u00eetre&nbsp;&raquo;<\/span><\/a><\/p>\n","protected":false},"author":1,"featured_media":0,"parent":0,"menu_order":1,"comment_status":"closed","ping_status":"closed","template":"","meta":{"footnotes":""},"class_list":["post-689","page","type-page","status-publish","hentry"],"jetpack_sharing_enabled":true,"_links":{"self":[{"href":"https:\/\/www.cirdic.fr\/index.php\/wp-json\/wp\/v2\/pages\/689","targetHints":{"allow":["GET"]}}],"collection":[{"href":"https:\/\/www.cirdic.fr\/index.php\/wp-json\/wp\/v2\/pages"}],"about":[{"href":"https:\/\/www.cirdic.fr\/index.php\/wp-json\/wp\/v2\/types\/page"}],"author":[{"embeddable":true,"href":"https:\/\/www.cirdic.fr\/index.php\/wp-json\/wp\/v2\/users\/1"}],"replies":[{"embeddable":true,"href":"https:\/\/www.cirdic.fr\/index.php\/wp-json\/wp\/v2\/comments?post=689"}],"version-history":[{"count":0,"href":"https:\/\/www.cirdic.fr\/index.php\/wp-json\/wp\/v2\/pages\/689\/revisions"}],"wp:attachment":[{"href":"https:\/\/www.cirdic.fr\/index.php\/wp-json\/wp\/v2\/media?parent=689"}],"curies":[{"name":"wp","href":"https:\/\/api.w.org\/{rel}","templated":true}]}}