{"id":633,"date":"2017-01-06T15:26:27","date_gmt":"2017-01-06T14:26:27","guid":{"rendered":"http:\/\/cirdictest.letraindelamemoire.fr\/?page_id=633"},"modified":"2017-01-06T15:26:27","modified_gmt":"2017-01-06T14:26:27","slug":"formation","status":"publish","type":"page","link":"https:\/\/www.cirdic.fr\/index.php\/formation\/","title":{"rendered":"Se former"},"content":{"rendered":"<h2>\u00a0<span style=\"color: #a8916f;\">Pourquoi se former et \u00e9tudier le Juda\u00efsme ?<\/span><\/h2>\n<p><img loading=\"lazy\" decoding=\"async\" class=\"wp-image-1259 size-full alignnone\" src=\"https:\/\/www.cirdic.fr\/wp-content\/uploads\/2017\/01\/2769_2015-12-24_11-29-27_Limoud_Torah-1.png\" width=\"640\" height=\"332\" srcset=\"https:\/\/www.cirdic.fr\/wp-content\/uploads\/2017\/01\/2769_2015-12-24_11-29-27_Limoud_Torah-1.png 640w, https:\/\/www.cirdic.fr\/wp-content\/uploads\/2017\/01\/2769_2015-12-24_11-29-27_Limoud_Torah-1-300x156.png 300w\" sizes=\"auto, (max-width: 640px) 85vw, 640px\" \/><\/p>\n<p style=\"text-align: justify;\">Depuis le Concile Vatican II, les relations entre Juifs et Chr\u00e9tiens ne cessent de se construire, de se renouveler, de s\u2019approfondir. De plus en plus de personnes s&rsquo;investissent avec passion dans le dialogue jud\u00e9o-chr\u00e9tien, pour plusieurs raisons : familiales, historiques, religieuses&#8230; Souvent un \u00e9v\u00e9nement, une rencontre, un voyage&#8230; vont \u00eatre le d\u00e9clencheur de cette passion, de cette d\u00e9couverte du juda\u00efsme et du peuple juif. Ce sera alors le d\u00e9but d&rsquo;un chemin int\u00e9rieur qui s&rsquo;enracinera dans une recherche profonde et un d\u00e9sir de mieux comprendre le juda\u00efsme. Donc d&rsquo;\u00e9tudier pour aller plus loin&#8230;<\/p>\n<p>Le CIRDIC voudrait soutenir par divers moyens cette soif de d\u00e9couverte du juda\u00efsme en<\/p>\n<ul>\n<li>Proposant\n<ul>\n<li>des <a href=\"https:\/\/www.cirdic.fr\/index.php\/formation\/cours-du-cirdic\/\">cours du soir<\/a>,<\/li>\n<li>des <a href=\"https:\/\/www.cirdic.fr\/index.php\/evenements-cirdic\/\">ateliers,\u00a0des visites, des conf\u00e9rences<\/a><\/li>\n<\/ul>\n<\/li>\n<li>Informant sur les divers <a href=\"https:\/\/www.cirdic.fr\/index.php\/le-centre-chretien-detudes-juives-ccdej\/\">lieux d&rsquo;\u00e9tude existants<\/a><\/li>\n<li>Invitant \u00e0 <a href=\"https:\/\/www.cirdic.fr\/index.php\/category\/ouvrir-la-bible\/\">Ouvrir la Bible<\/a><\/li>\n<li>\u00e0\u00a0<a href=\"https:\/\/www.cirdic.fr\/index.php\/category\/apprendre-a-prier\/\">apprendre \u00e0 prier<\/a><\/li>\n<li>\u00e0 d\u00e9couvrir les <a href=\"https:\/\/www.cirdic.fr\/index.php\/formation\/textes-et-documents-de-reference\/\">textes de r\u00e9f\u00e9rences<\/a> du juda\u00efsme et du dialogue dialogue jud\u00e9o-chr\u00e9tien<\/li>\n<\/ul>\n<h2><span style=\"color: #a8916f;\">Alors n&rsquo;h\u00e9sitez pas : Cherchez ! car&#8230;<\/span><\/h2>\n<p style=\"text-align: justify;\">(&#8230;) \u00ab\u00a0L\u2019\u00c9glise, qui partage avec le Juda\u00efsme une part importante des Saintes \u00c9critures, consid\u00e8re le peuple de l\u2019Alliance et sa foi comme une racine sacr\u00e9e de sa propre identit\u00e9 chr\u00e9tienne (cf. Rm 11, 16-18). <strong>En tant que chr\u00e9tiens, nous ne pouvons pas consid\u00e9rer le juda\u00efsme comme une religion \u00e9trang\u00e8re<\/strong>, ni classer les juifs parmi ceux qui sont appel\u00e9s \u00e0 laisser les idoles pour se convertir au vrai Dieu (cf. 1Th 1, 9). <strong>Nous croyons ensemble en l\u2019unique Dieu qui agit dans l\u2019histoire<\/strong>, et nous accueillons avec eux la commune Parole r\u00e9v\u00e9l\u00e9e. 248. <strong>Le dialogue et l\u2019amiti\u00e9 avec les fils d\u2019Isra\u00ebl font partie de la vie des disciples de J\u00e9sus<\/strong>. L\u2019affection qui s\u2019est d\u00e9velopp\u00e9e nous porte \u00e0 nous lamenter sinc\u00e8rement et am\u00e8rement sur les terribles pers\u00e9cutions dont ils furent l\u2019objet, en particulier celles qui impliquent ou ont impliqu\u00e9 des chr\u00e9tiens. 249. <strong>Dieu continue \u00e0 \u0153uvrer dans le peuple de la premi\u00e8re Alliance<\/strong> et fait na\u00eetre des tr\u00e9sors de sagesse qui jaillissent de sa rencontre avec la Parole divine. Pour cela, <strong>l\u2019\u00c9glise aussi s\u2019enrichit lorsqu\u2019elle recueille les valeurs du Juda\u00efsme<\/strong>. M\u00eame si certaines convictions chr\u00e9tiennes sont inacceptables pour le Juda\u00efsme, et l\u2019\u00c9glise ne peut pas cesser d\u2019annoncer J\u00e9sus comme Seigneur et Messie,<strong> il existe une riche compl\u00e9mentarit\u00e9 qui nous permet de lire ensemble les textes de la Bible h\u00e9bra\u00efque et de nous aider mutuellement \u00e0 approfondir les richesses de la Parole<\/strong>, de m\u00eame qu\u2019\u00e0 partager beaucoup de convictions \u00e9thiques ainsi que la commune pr\u00e9occupation pour la justice et le d\u00e9veloppement des peuples.\u00a0\u00bb<\/p>\n<p style=\"text-align: justify;\"><strong>Pape Fran\u00e7ois,\u00a0exhortation <em>Evangeli Gaudium<\/em> \u00a7 247, 248, 249.<\/strong><\/p>\n<p>MAJ, 28\/06\/17<\/p>\n<p>&nbsp;<\/p>\n","protected":false},"excerpt":{"rendered":"<p>\u00a0Pourquoi se former et \u00e9tudier le Juda\u00efsme ? Depuis le Concile Vatican II, les relations entre Juifs et Chr\u00e9tiens ne cessent de se construire, de se renouveler, de s\u2019approfondir. De plus en plus de personnes s&rsquo;investissent avec passion dans le dialogue jud\u00e9o-chr\u00e9tien, pour plusieurs raisons : familiales, historiques, religieuses&#8230; Souvent un \u00e9v\u00e9nement, une rencontre, un &hellip; <a href=\"https:\/\/www.cirdic.fr\/index.php\/formation\/\" class=\"more-link\">Continuer la lecture<span class=\"screen-reader-text\"> de &laquo;&nbsp;Se former&nbsp;&raquo;<\/span><\/a><\/p>\n","protected":false},"author":2,"featured_media":0,"parent":0,"menu_order":0,"comment_status":"closed","ping_status":"closed","template":"","meta":{"footnotes":""},"class_list":["post-633","page","type-page","status-publish","hentry"],"jetpack_sharing_enabled":true,"_links":{"self":[{"href":"https:\/\/www.cirdic.fr\/index.php\/wp-json\/wp\/v2\/pages\/633","targetHints":{"allow":["GET"]}}],"collection":[{"href":"https:\/\/www.cirdic.fr\/index.php\/wp-json\/wp\/v2\/pages"}],"about":[{"href":"https:\/\/www.cirdic.fr\/index.php\/wp-json\/wp\/v2\/types\/page"}],"author":[{"embeddable":true,"href":"https:\/\/www.cirdic.fr\/index.php\/wp-json\/wp\/v2\/users\/2"}],"replies":[{"embeddable":true,"href":"https:\/\/www.cirdic.fr\/index.php\/wp-json\/wp\/v2\/comments?post=633"}],"version-history":[{"count":0,"href":"https:\/\/www.cirdic.fr\/index.php\/wp-json\/wp\/v2\/pages\/633\/revisions"}],"wp:attachment":[{"href":"https:\/\/www.cirdic.fr\/index.php\/wp-json\/wp\/v2\/media?parent=633"}],"curies":[{"name":"wp","href":"https:\/\/api.w.org\/{rel}","templated":true}]}}