{"id":3122,"date":"2018-09-20T19:10:24","date_gmt":"2018-09-20T17:10:24","guid":{"rendered":"http:\/\/www.cirdic.fr\/?page_id=3122"},"modified":"2018-09-20T19:10:24","modified_gmt":"2018-09-20T17:10:24","slug":"atelier-scruter-les-ecritures","status":"publish","type":"page","link":"https:\/\/www.cirdic.fr\/index.php\/formation\/cours-du-cirdic\/atelier-scruter-les-ecritures\/","title":{"rendered":"Atelier : Scruter les \u00e9critures"},"content":{"rendered":"<p style=\"text-align: justify;\"><a href=\"https:\/\/www.cirdic.fr\/wp-content\/uploads\/2017\/12\/bible-ouverte.jpg\"><img loading=\"lazy\" decoding=\"async\" class=\"alignleft wp-image-2589 size-thumbnail\" src=\"https:\/\/www.cirdic.fr\/wp-content\/uploads\/2017\/12\/bible-ouverte-e1512756824157-150x150.jpg\" alt=\"\" width=\"150\" height=\"150\" \/><\/a>Les passages de l\u2019Ecriture qui sont lus au cours des messes font rarement l\u2019objet d\u2019un commentaire sur l\u2019ensemble des textes, l\u2019hom\u00e9lie portant le plus souvent sur le seul \u00e9vangile. L\u2019atelier que nous proposons fera une analyse de tous les extraits, non par l\u2019animateur, mais par tous les participants du groupe qui se r\u00e9unira huit fois dans l\u2019ann\u00e9e.<br \/>\nIl s&rsquo;agira de questionner chaque texte, de le resituer dans le contexte du livre d\u2019o\u00f9 il est tir\u00e9, de mettre en \u00e9vidence les liens qui relient les diff\u00e9rents passages entre eux, de contr\u00f4ler la pr\u00e9cision de la traduction fran\u00e7aise donn\u00e9e par le lectionnaire, de d\u00e9gager le th\u00e8me central de la liturgie de la parole du jour, et d\u2019en d\u00e9couvrir les sources juives.<br \/>\nChacun viendra avec une Bible en fran\u00e7ais, et les h\u00e9bra\u00efsants, avec une Bible en h\u00e9breu. Les textes de la liturgie de la Parole seront fournis. Chaque s\u00e9ance est autonome donc n&rsquo;h\u00e9sitez pas \u00e0 venir participer \u00e0 ce partage tr\u00e8s enrichissant et fraternel m\u00eame si vous avez manqu\u00e9 la premi\u00e8re !<\/p>\n<p>Les textes \u00e9tudi\u00e9s pendant une s\u00e9ance seront ceux du dimanche de la semaine suivante<\/p>\n<p><strong>Quand ? <\/strong><\/p>\n<ul>\n<li style=\"text-align: justify;\">Horaires : 17h00 &#8211; 19h00<strong><br \/>\n<\/strong><\/li>\n<li>1\u00e8re r\u00e9union le lundi 26 novembre 2018, textes du dimanche 2 d\u00e9cembre 2018 &#8211; 1er dimanche de l&rsquo;Avent<\/li>\n<\/ul>\n<p><strong>O\u00f9 ?<\/strong><\/p>\n<p style=\"text-align: justify;\">Chez les Religieux de Notre-Dame de Sion<br \/>\n68 bis rue Notre-Dame des Champs 75006 Paris<br \/>\nM\u00b0 Vavin, Port-Royal ou Notre-Dame des Champs<\/p>\n<p style=\"text-align: justify;\"><strong>Animateur<\/strong> : Antoine Lerondeau<br \/>\nPour avoir des pr\u00e9cisions : <a href=\"mailto:cours@cirdic.fr\">cours@cirdic.fr<\/a><\/p>\n<p style=\"text-align: justify;\"><strong>Participation aux frais<\/strong> : 10 \u20ac la s\u00e9ance<\/p>\n<p>MAJ : 25\/11\/2018<\/p>\n","protected":false},"excerpt":{"rendered":"<p>Les passages de l\u2019Ecriture qui sont lus au cours des messes font rarement l\u2019objet d\u2019un commentaire sur l\u2019ensemble des textes, l\u2019hom\u00e9lie portant le plus souvent sur le seul \u00e9vangile. L\u2019atelier que nous proposons fera une analyse de tous les extraits, non par l\u2019animateur, mais par tous les participants du groupe qui se r\u00e9unira huit fois &hellip; <a href=\"https:\/\/www.cirdic.fr\/index.php\/formation\/cours-du-cirdic\/atelier-scruter-les-ecritures\/\" class=\"more-link\">Continuer la lecture<span class=\"screen-reader-text\"> de &laquo;&nbsp;Atelier : Scruter les \u00e9critures&nbsp;&raquo;<\/span><\/a><\/p>\n","protected":false},"author":2,"featured_media":0,"parent":2169,"menu_order":0,"comment_status":"closed","ping_status":"closed","template":"","meta":{"footnotes":""},"class_list":["post-3122","page","type-page","status-publish","hentry"],"jetpack_sharing_enabled":true,"_links":{"self":[{"href":"https:\/\/www.cirdic.fr\/index.php\/wp-json\/wp\/v2\/pages\/3122","targetHints":{"allow":["GET"]}}],"collection":[{"href":"https:\/\/www.cirdic.fr\/index.php\/wp-json\/wp\/v2\/pages"}],"about":[{"href":"https:\/\/www.cirdic.fr\/index.php\/wp-json\/wp\/v2\/types\/page"}],"author":[{"embeddable":true,"href":"https:\/\/www.cirdic.fr\/index.php\/wp-json\/wp\/v2\/users\/2"}],"replies":[{"embeddable":true,"href":"https:\/\/www.cirdic.fr\/index.php\/wp-json\/wp\/v2\/comments?post=3122"}],"version-history":[{"count":0,"href":"https:\/\/www.cirdic.fr\/index.php\/wp-json\/wp\/v2\/pages\/3122\/revisions"}],"up":[{"embeddable":true,"href":"https:\/\/www.cirdic.fr\/index.php\/wp-json\/wp\/v2\/pages\/2169"}],"wp:attachment":[{"href":"https:\/\/www.cirdic.fr\/index.php\/wp-json\/wp\/v2\/media?parent=3122"}],"curies":[{"name":"wp","href":"https:\/\/api.w.org\/{rel}","templated":true}]}}