{"id":2851,"date":"2018-04-20T16:28:32","date_gmt":"2018-04-20T14:28:32","guid":{"rendered":"http:\/\/www.cirdic.fr\/?page_id=2851"},"modified":"2018-04-20T16:28:32","modified_gmt":"2018-04-20T14:28:32","slug":"lettres-du-dimanche-annee-a","status":"publish","type":"page","link":"https:\/\/www.cirdic.fr\/index.php\/sinformer\/lettres-du-dimanche\/lettres-du-dimanche-annee-a\/","title":{"rendered":"Lettres du Dimanche. Ann\u00e9e A"},"content":{"rendered":"<h3 style=\"text-align: justify;\">T\u00e9l\u00e9charger les Lettres du dimanche Ann\u00e9e A :<\/h3>\n<p>Les lettres sont class\u00e9es par ordre ant\u00e9chronologique. Nous sommes partis des archives du SIDIC, quelques dimanches manquent, nous les compl\u00e9terons au fur et \u00e0 mesure.<\/p>\n<ul>\n<li><a href=\"https:\/\/www.cirdic.fr\/wp-content\/uploads\/2017\/01\/Dimanche-du-Christ-Roi-A.pdf\">Dimanche du Christ Roi A<\/a><\/li>\n<li><a href=\"https:\/\/www.cirdic.fr\/wp-content\/uploads\/2017\/01\/2017-32e-dimanche-ordinaire-A.pdf\">32e dimanche ordinaire A<\/a><\/li>\n<li><a href=\"https:\/\/www.cirdic.fr\/wp-content\/uploads\/2017\/01\/2017-29e-dimanche-ordinaire-A.pdf\">29e dimanche ordinaire A<\/a><\/li>\n<li><a href=\"https:\/\/www.cirdic.fr\/wp-content\/uploads\/2017\/01\/2017-28e-dimanche-ordinaire-A.pdf\">28e dimanche ordinaire A<\/a><\/li>\n<li><a href=\"https:\/\/www.cirdic.fr\/wp-content\/uploads\/2017\/01\/2017-27e-dimanche-ordinaire-A.pdf\">27e dimanche ordinaire A<\/a><\/li>\n<li><a href=\"https:\/\/www.cirdic.fr\/wp-content\/uploads\/2017\/01\/2017-26e-dimanche-ordinaire-A.pdf\">26e dimanche ordinaire A<\/a><\/li>\n<li><a href=\"https:\/\/www.cirdic.fr\/wp-content\/uploads\/2017\/01\/2017-25e-dimanche-ordinaire-A.pdf\">25e dimanche ordinaire A<\/a><\/li>\n<li><a href=\"https:\/\/www.cirdic.fr\/wp-content\/uploads\/2017\/01\/2017-23e-dimanche-ordinaire-A.pdf\">23e dimanche ordinaire A<\/a><\/li>\n<li><a href=\"https:\/\/www.cirdic.fr\/wp-content\/uploads\/2017\/01\/2017-22e-dimanche-ordinaire-A.pdf\">22e dimanche ordinaire A<\/a><\/li>\n<li><a href=\"https:\/\/www.cirdic.fr\/wp-content\/uploads\/2017\/01\/2017-15e-dimanche-ordinaire-A.pdf\">15e dimanche ordinaire A<\/a><\/li>\n<li><a href=\"https:\/\/www.cirdic.fr\/wp-content\/uploads\/2017\/01\/2017-14e-dimanche-ordinaire-A.pdf\">14e dimanche ordinaire A<\/a><\/li>\n<li><a href=\"https:\/\/www.cirdic.fr\/wp-content\/uploads\/2017\/01\/2017-13e-dimanche-ordinaire-A-1.pdf\">13e dimanche ordinaire A<\/a><\/li>\n<li style=\"text-align: justify;\"><a href=\"https:\/\/www.cirdic.fr\/wp-content\/uploads\/2017\/01\/2017-12e-dimanche-ordinaire-A.pdf\">12e dimanche ordinaire A<\/a><\/li>\n<li style=\"text-align: justify;\"><a href=\"https:\/\/www.cirdic.fr\/wp-content\/uploads\/2017\/01\/2017-F\u00eate-du-Corps-et-du-Sang-du-Christ-A.pdf\">F\u00eate du Corps et du Sang du Christ<\/a><\/li>\n<li style=\"text-align: justify;\"><a href=\"https:\/\/www.cirdic.fr\/wp-content\/uploads\/2017\/01\/2017-Sainte-Trinit\u00e9-A.pdf\">Dimanche de la Sainte Trinit\u00e9<\/a><\/li>\n<li style=\"text-align: justify;\"><a href=\"https:\/\/www.cirdic.fr\/wp-content\/uploads\/2017\/01\/2017-Pentec\u00f4te-A.pdf\">Dimanche de Pentec\u00f4te<\/a><\/li>\n<li style=\"text-align: justify;\"><a href=\"https:\/\/www.cirdic.fr\/wp-content\/uploads\/2017\/01\/2017-7e-Dimanche-de-P\u00e2ques-A.pdf\">7e Dimanche de P\u00e2ques<\/a><\/li>\n<li style=\"text-align: justify;\"><a href=\"https:\/\/www.cirdic.fr\/wp-content\/uploads\/2017\/01\/2017-Ascension-du-Seigneur.pdf\">Ascension du Seigneur<\/a><\/li>\n<li style=\"text-align: justify;\"><a href=\"https:\/\/www.cirdic.fr\/wp-content\/uploads\/2017\/01\/2017-6e-Dimanche-de-P\u00e2ques-A.pdf\">6e dimanche de P\u00e2ques<\/a><\/li>\n<li style=\"text-align: justify;\"><a href=\"https:\/\/www.cirdic.fr\/wp-content\/uploads\/2017\/01\/2017-5e-Dimanche-de-P\u00e2ques-A-2.pdf\">5e dimanche de P\u00e2ques<\/a><\/li>\n<li style=\"text-align: justify;\"><a href=\"https:\/\/www.cirdic.fr\/wp-content\/uploads\/2017\/01\/2017-4e-Dimanche-de-P\u00e2ques-A.pdf\">4e dimanche de P\u00e2ques<\/a><\/li>\n<li style=\"text-align: justify;\"><a href=\"https:\/\/www.cirdic.fr\/wp-content\/uploads\/2017\/01\/2017-3e-Dimanche-de-P\u00e2ques-A.pdf\">3e dimanche de P\u00e2ques<\/a><\/li>\n<li style=\"text-align: justify;\"><a href=\"https:\/\/www.cirdic.fr\/wp-content\/uploads\/2017\/01\/2017-2e-Dimanche-de-P\u00e2ques-A.pdf\">Dimanche de la Mis\u00e9ricorde<\/a><\/li>\n<li style=\"text-align: justify;\"><a href=\"https:\/\/www.cirdic.fr\/wp-content\/uploads\/2017\/01\/2017-Dimanche-de-P\u00e2ques-A-2.pdf\">Dimanche de P\u00e2ques<\/a><\/li>\n<li style=\"text-align: justify;\"><a href=\"https:\/\/www.cirdic.fr\/wp-content\/uploads\/2017\/01\/2017-Dimanche-des-Rameaux-A.pdf\">Dimanche des Rameaux<\/a><\/li>\n<li style=\"text-align: justify;\"><a href=\"https:\/\/www.cirdic.fr\/wp-content\/uploads\/2017\/01\/2017-5e-dim-careme-A-1.pdf\">5e dimanche de car\u00eame<\/a><\/li>\n<li style=\"text-align: justify;\"><a href=\"https:\/\/www.cirdic.fr\/wp-content\/uploads\/2017\/01\/2017-4e-dim-careme-A.pdf\">4e dimanche de car\u00eame<\/a><\/li>\n<li style=\"text-align: justify;\"><a href=\"https:\/\/www.cirdic.fr\/wp-content\/uploads\/2017\/01\/2017-3e-dim-careme-A.pdf\">3e dimanche de car\u00eame<\/a><\/li>\n<li style=\"text-align: justify;\"><a href=\"https:\/\/www.cirdic.fr\/wp-content\/uploads\/2017\/01\/2017-2e-dim-careme-A.pdf\">2e dimanche de car\u00eame<\/a><\/li>\n<li style=\"text-align: justify;\"><a href=\"https:\/\/www.cirdic.fr\/wp-content\/uploads\/2017\/01\/2017-1e-dim-careme-A.pdf\">1er dimanche de car\u00eame<\/a><\/li>\n<li style=\"text-align: justify;\"><a href=\"https:\/\/www.cirdic.fr\/wp-content\/uploads\/2017\/01\/2017-8e-dim-ord.pdf\">8e dimanche ordinaire<\/a><\/li>\n<li style=\"text-align: justify;\"><a href=\"https:\/\/www.cirdic.fr\/wp-content\/uploads\/2017\/01\/2017-7e-dim-ord.pdf\">7e dimanche ordinaire<\/a><\/li>\n<li style=\"text-align: justify;\"><a href=\"https:\/\/www.cirdic.fr\/wp-content\/uploads\/2017\/01\/2017-6e-dim-ord-2.pdf\">6e dimanche ordinaire<\/a><\/li>\n<li style=\"text-align: justify;\"><a href=\"https:\/\/www.cirdic.fr\/wp-content\/uploads\/2017\/01\/2017-5e-dim-ord-2.pdf\">5e dimanche ordinaire<\/a><\/li>\n<\/ul>\n","protected":false},"excerpt":{"rendered":"<p>T\u00e9l\u00e9charger les Lettres du dimanche Ann\u00e9e A : Les lettres sont class\u00e9es par ordre ant\u00e9chronologique. Nous sommes partis des archives du SIDIC, quelques dimanches manquent, nous les compl\u00e9terons au fur et \u00e0 mesure. Dimanche du Christ Roi A 32e dimanche ordinaire A 29e dimanche ordinaire A 28e dimanche ordinaire A 27e dimanche ordinaire A 26e &hellip; <a href=\"https:\/\/www.cirdic.fr\/index.php\/sinformer\/lettres-du-dimanche\/lettres-du-dimanche-annee-a\/\" class=\"more-link\">Continuer la lecture<span class=\"screen-reader-text\"> de &laquo;&nbsp;Lettres du Dimanche. Ann\u00e9e A&nbsp;&raquo;<\/span><\/a><\/p>\n","protected":false},"author":2,"featured_media":0,"parent":679,"menu_order":0,"comment_status":"closed","ping_status":"closed","template":"","meta":{"footnotes":""},"class_list":["post-2851","page","type-page","status-publish","hentry"],"jetpack_sharing_enabled":true,"_links":{"self":[{"href":"https:\/\/www.cirdic.fr\/index.php\/wp-json\/wp\/v2\/pages\/2851","targetHints":{"allow":["GET"]}}],"collection":[{"href":"https:\/\/www.cirdic.fr\/index.php\/wp-json\/wp\/v2\/pages"}],"about":[{"href":"https:\/\/www.cirdic.fr\/index.php\/wp-json\/wp\/v2\/types\/page"}],"author":[{"embeddable":true,"href":"https:\/\/www.cirdic.fr\/index.php\/wp-json\/wp\/v2\/users\/2"}],"replies":[{"embeddable":true,"href":"https:\/\/www.cirdic.fr\/index.php\/wp-json\/wp\/v2\/comments?post=2851"}],"version-history":[{"count":0,"href":"https:\/\/www.cirdic.fr\/index.php\/wp-json\/wp\/v2\/pages\/2851\/revisions"}],"up":[{"embeddable":true,"href":"https:\/\/www.cirdic.fr\/index.php\/wp-json\/wp\/v2\/pages\/679"}],"wp:attachment":[{"href":"https:\/\/www.cirdic.fr\/index.php\/wp-json\/wp\/v2\/media?parent=2851"}],"curies":[{"name":"wp","href":"https:\/\/api.w.org\/{rel}","templated":true}]}}