{"id":2743,"date":"2018-02-02T16:03:10","date_gmt":"2018-02-02T15:03:10","guid":{"rendered":"http:\/\/www.cirdic.fr\/?page_id=2743"},"modified":"2018-02-02T16:03:10","modified_gmt":"2018-02-02T15:03:10","slug":"a-voir-a-lire","status":"publish","type":"page","link":"https:\/\/www.cirdic.fr\/index.php\/a-voir-a-lire\/","title":{"rendered":"A voir, \u00e0 lire"},"content":{"rendered":"<p>Notre s\u00e9lection de :<\/p>\n<ul>\n<li>conf\u00e9rences enregistr\u00e9es, documentaires \u00e0 voir \u00e0 la t\u00e9l\u00e9vision ou sur Internet<\/li>\n<li>expositions<\/li>\n<li>films<\/li>\n<li>livres<\/li>\n<li>pi\u00e8ces de th\u00e9\u00e2tre, concerts<\/li>\n<\/ul>\n<p>&nbsp;<\/p>\n","protected":false},"excerpt":{"rendered":"<p>Notre s\u00e9lection de : conf\u00e9rences enregistr\u00e9es, documentaires \u00e0 voir \u00e0 la t\u00e9l\u00e9vision ou sur Internet expositions films livres pi\u00e8ces de th\u00e9\u00e2tre, concerts &nbsp;<\/p>\n","protected":false},"author":2,"featured_media":0,"parent":0,"menu_order":0,"comment_status":"closed","ping_status":"closed","template":"","meta":{"footnotes":""},"class_list":["post-2743","page","type-page","status-publish","hentry"],"jetpack_sharing_enabled":true,"_links":{"self":[{"href":"https:\/\/www.cirdic.fr\/index.php\/wp-json\/wp\/v2\/pages\/2743","targetHints":{"allow":["GET"]}}],"collection":[{"href":"https:\/\/www.cirdic.fr\/index.php\/wp-json\/wp\/v2\/pages"}],"about":[{"href":"https:\/\/www.cirdic.fr\/index.php\/wp-json\/wp\/v2\/types\/page"}],"author":[{"embeddable":true,"href":"https:\/\/www.cirdic.fr\/index.php\/wp-json\/wp\/v2\/users\/2"}],"replies":[{"embeddable":true,"href":"https:\/\/www.cirdic.fr\/index.php\/wp-json\/wp\/v2\/comments?post=2743"}],"version-history":[{"count":0,"href":"https:\/\/www.cirdic.fr\/index.php\/wp-json\/wp\/v2\/pages\/2743\/revisions"}],"wp:attachment":[{"href":"https:\/\/www.cirdic.fr\/index.php\/wp-json\/wp\/v2\/media?parent=2743"}],"curies":[{"name":"wp","href":"https:\/\/api.w.org\/{rel}","templated":true}]}}