{"id":219,"date":"2016-11-13T17:00:06","date_gmt":"2016-11-13T16:00:06","guid":{"rendered":"http:\/\/www.cirdic.fr\/?page_id=219"},"modified":"2016-11-13T17:00:06","modified_gmt":"2016-11-13T16:00:06","slug":"la-bibliotheque-du-sidic","status":"publish","type":"page","link":"https:\/\/www.cirdic.fr\/index.php\/sinformer\/la-bibliotheque-du-sidic\/","title":{"rendered":"La Biblioth\u00e8que du CIRDIC"},"content":{"rendered":"<p><a href=\"https:\/\/www.cirdic.fr\/wp-content\/uploads\/2018\/03\/180321_bibliotheque1.jpg\"><img loading=\"lazy\" decoding=\"async\" class=\"alignleft size-thumbnail wp-image-2830\" src=\"https:\/\/www.cirdic.fr\/wp-content\/uploads\/2018\/03\/180321_bibliotheque1-150x150.jpg\" alt=\"\" width=\"150\" height=\"150\" \/><\/a>Notre association a h\u00e9rit\u00e9 du fonds du SIDIC : fonds tr\u00e8s sp\u00e9cialis\u00e9 et d&rsquo;une grande richesse couvrant les recherches chr\u00e9tiennes et juives sur le juda\u00efsme, sur l&rsquo;histoire des Juifs et l&rsquo;histoire du dialogue entre nos deux religions.<\/p>\n<p>Documents en fran\u00e7ais, anglais et h\u00e9breu : monographies, articles de p\u00e9riodiques, dossiers documentaires<br \/>\nLe catalogue du fonds documentaire et bibliographique du CIRDIC est <a href=\"http:\/\/catalogue.cirdic.prod.pikoloco.eu\/\" target=\"_blank\" rel=\"noopener noreferrer\">consultable en ligne<\/a>.<\/p>\n<p>Les documents sont consultables \u00e0 l&rsquo;ancienne adresse du SIDIC,\u00a0 <strong>uniquement sur rendez-vous<\/strong>, par toute personne adh\u00e9rente \u00e0 notre association\u00a0 et par les \u00e9tudiants du Coll\u00e8ge des Bernardins.<\/p>\n<p><strong>Horaires :<\/strong> le mercredi de 10h00 \u00e0 12h00 et de 14h00 \u00e0 17h30 sauf pendant les vacances scolaires<\/p>\n<p>Pour prendre rendez-vous : <a href=\"mailto:bibliotheque@cirdic.fr\" target=\"_blank\" rel=\"noopener noreferrer\">bibliotheque@cirdic.fr<\/a><\/p>\n<p>Pour adh\u00e9rer \u00e0 l&rsquo;association : <a href=\"https:\/\/www.cirdic.fr\/index.php\/qui-sommes-nous-2\/nous-aider\/\">Nous aider<\/a><\/p>\n<p>&nbsp;<\/p>\n","protected":false},"excerpt":{"rendered":"<p>Notre association a h\u00e9rit\u00e9 du fonds du SIDIC : fonds tr\u00e8s sp\u00e9cialis\u00e9 et d&rsquo;une grande richesse couvrant les recherches chr\u00e9tiennes et juives sur le juda\u00efsme, sur l&rsquo;histoire des Juifs et l&rsquo;histoire du dialogue entre nos deux religions. Documents en fran\u00e7ais, anglais et h\u00e9breu : monographies, articles de p\u00e9riodiques, dossiers documentaires Le catalogue du fonds documentaire &hellip; <a href=\"https:\/\/www.cirdic.fr\/index.php\/sinformer\/la-bibliotheque-du-sidic\/\" class=\"more-link\">Continuer la lecture<span class=\"screen-reader-text\"> de &laquo;&nbsp;La Biblioth\u00e8que du CIRDIC&nbsp;&raquo;<\/span><\/a><\/p>\n","protected":false},"author":1,"featured_media":0,"parent":875,"menu_order":4,"comment_status":"closed","ping_status":"closed","template":"","meta":{"footnotes":""},"class_list":["post-219","page","type-page","status-publish","hentry"],"jetpack_sharing_enabled":true,"_links":{"self":[{"href":"https:\/\/www.cirdic.fr\/index.php\/wp-json\/wp\/v2\/pages\/219","targetHints":{"allow":["GET"]}}],"collection":[{"href":"https:\/\/www.cirdic.fr\/index.php\/wp-json\/wp\/v2\/pages"}],"about":[{"href":"https:\/\/www.cirdic.fr\/index.php\/wp-json\/wp\/v2\/types\/page"}],"author":[{"embeddable":true,"href":"https:\/\/www.cirdic.fr\/index.php\/wp-json\/wp\/v2\/users\/1"}],"replies":[{"embeddable":true,"href":"https:\/\/www.cirdic.fr\/index.php\/wp-json\/wp\/v2\/comments?post=219"}],"version-history":[{"count":0,"href":"https:\/\/www.cirdic.fr\/index.php\/wp-json\/wp\/v2\/pages\/219\/revisions"}],"up":[{"embeddable":true,"href":"https:\/\/www.cirdic.fr\/index.php\/wp-json\/wp\/v2\/pages\/875"}],"wp:attachment":[{"href":"https:\/\/www.cirdic.fr\/index.php\/wp-json\/wp\/v2\/media?parent=219"}],"curies":[{"name":"wp","href":"https:\/\/api.w.org\/{rel}","templated":true}]}}