{"id":2169,"date":"2017-06-25T10:49:28","date_gmt":"2017-06-25T08:49:28","guid":{"rendered":"http:\/\/www.cirdic.fr\/?page_id=2169"},"modified":"2017-06-25T10:49:28","modified_gmt":"2017-06-25T08:49:28","slug":"cours-du-cirdic","status":"publish","type":"page","link":"https:\/\/www.cirdic.fr\/index.php\/formation\/cours-du-cirdic\/","title":{"rendered":"Les propositions du CIRDIC"},"content":{"rendered":"<p>Dans la continuit\u00e9 du Concile de Vatican II et de l\u2019encyclique Nostra Aetate, le CIRDIC, association reconnue par la Conf\u00e9rence des \u00c9v\u00eaques de France, a pour sp\u00e9cificit\u00e9 et pour objectifs de faire d\u00e9couvrir aux chr\u00e9tiens leurs racines juives et les tr\u00e9sors de la tradition juive, en particulier les m\u00e9thodes d\u2019ex\u00e9g\u00e8se rabbinique et la langue h\u00e9bra\u00efque, la liturgie et la pri\u00e8re juive, la culture et l\u2019histoire du Juda\u00efsme et, plus particuli\u00e8rement, de lutter contre l\u2019antis\u00e9mitisme et les pr\u00e9jug\u00e9s.<\/p>\n<p>Puiser \u00e0 la source du juda\u00efsme est un moyen pour les chr\u00e9tiens d\u2019approfondir et aimer leur foi, de mieux la comprendre et la vivre. C\u2019est aussi un moyen d\u2019int\u00e9resser \u00e0 la pratique religieuse les personnes en marge de l\u2019\u00c9glise.<\/p>\n<p>L\u2019action du CIRDIC s\u2019organise et se d\u00e9veloppe sur trois axes\u00a0:<\/p>\n<h1><strong><u>Se former<\/u><\/strong><\/h1>\n<ul>\n<li style=\"list-style-type: none;\">\n<ul>\n<li>Le CIRDIC organise un <strong>weekend de formation<\/strong> par an (Blaru 2019, participation \u00e0 La Salette 2020, Avon 2022). Ces weekends sont ouverts \u00e0 tous. <a href=\"https:\/\/www.cirdic.fr\/wp-content\/uploads\/2019\/01\/WE-A-LA-RENCONTRE-DE-NOS-RACINES_v2.pdf\">Programme du dernier week-end de formation<\/a>.<\/li>\n<\/ul>\n<\/li>\n<\/ul>\n<ul>\n<li style=\"list-style-type: none;\">\n<ul>\n<li>Il diffuse les<strong> lettres du dimanche<\/strong>, commentaires de la parole de Dieu chaque dimanche \u00e0 la lumi\u00e8re du Juda\u00efsme. <a href=\"https:\/\/www.cirdic.fr\/index.php\/sinformer\/lettres-du-dimanche\/\">Liste des lettres<\/a>.<\/li>\n<\/ul>\n<\/li>\n<\/ul>\n<ul>\n<li style=\"list-style-type: none;\">\n<ul>\n<li>Il travaille \u00e0 mettre en place le<strong> parcours Alef<\/strong>, une formation en petits groupes pour d\u00e9couvrir la Bible de fa\u00e7on vivante en Eglise \u00e0 la lumi\u00e8re de la Tradition chr\u00e9tienne enracin\u00e9e dans les sources et la s\u00e8ve du Juda\u00efsme et sa tradition.<\/li>\n<\/ul>\n<\/li>\n<\/ul>\n<ul>\n<li style=\"list-style-type: none;\">\n<ul>\n<li>Il propose dans les paroisses des <strong>conf\u00e9rences<\/strong>, des initiations \u00e0 la langue h\u00e9bra\u00efque, lecture d&rsquo;un livre au cours d&rsquo;un d\u00e9jeuner ou d&rsquo;un d\u00eener.<\/li>\n<\/ul>\n<\/li>\n<\/ul>\n<ul>\n<li style=\"list-style-type: none;\">\n<ul>\n<li>Il propose des <strong>\u00e9v\u00e8nements<\/strong>:\u00a0visites de synagogues et de mus\u00e9es (Mus\u00e9e d&rsquo;Art et d&rsquo;Histoire du juda\u00efsme, M\u00e9morial de la Shoah), pi\u00e8ce de th\u00e9\u00e2tre sur Anne Frank.<\/li>\n<\/ul>\n<\/li>\n<\/ul>\n<h1><strong><u>Favoriser la recherche<\/u><\/strong><\/h1>\n<ul>\n<li style=\"list-style-type: none;\">\n<ul>\n<li>Le CIRDIC ouvre sa <strong>Biblioth\u00e8que,<\/strong> en partenariat avec les Fr\u00e8res de Sion, aux \u00e9tudiants, chercheurs et s\u00e9minaristes.<\/li>\n<li>Ce fonds, unique, couvre de multiples th\u00e8mes : histoire du juda\u00efsme, ex\u00e9g\u00e8se biblique et rabbinique, pri\u00e8re et liturgie juives, culture et pens\u00e9e juives, dialogue entre juifs et chr\u00e9tiens et lutte contre l\u2019antis\u00e9mitisme.<\/li>\n<li>Il est constitu\u00e9 d\u2019environ 5000 ouvrages, compl\u00e9t\u00e9 par un fonds documentaire d\u2019environ 550 dossiers et plus de 8 000 articles de p\u00e9riodiques. <a href=\"https:\/\/catalogue.cirdic.prod.pikoloco.eu\/cgi-bin\/koha\/opac-main.pl\">Notre catalogue.<\/a><\/li>\n<\/ul>\n<\/li>\n<\/ul>\n<h1><strong><u>S&rsquo;informer<\/u><\/strong><\/h1>\n<ul>\n<li style=\"list-style-type: none;\">\n<ul>\n<li>Le CIRDIC diffuse l\u2019information via son\u00a0<strong>site internet<\/strong> (www.cirdic.fr), les <strong>lettres d&rsquo;information<\/strong>, les r\u00e9seaux sociaux avec <strong>Facebook <\/strong>et la<strong> brochure <\/strong>du CIRDIC<strong>.<\/strong><\/li>\n<\/ul>\n<\/li>\n<\/ul>\n<p>&nbsp;<\/p>\n<p>MAJ : 28\/01\/2021<\/p>\n","protected":false},"excerpt":{"rendered":"<p>Dans la continuit\u00e9 du Concile de Vatican II et de l\u2019encyclique Nostra Aetate, le CIRDIC, association reconnue par la Conf\u00e9rence des \u00c9v\u00eaques de France, a pour sp\u00e9cificit\u00e9 et pour objectifs de faire d\u00e9couvrir aux chr\u00e9tiens leurs racines juives et les tr\u00e9sors de la tradition juive, en particulier les m\u00e9thodes d\u2019ex\u00e9g\u00e8se rabbinique et la langue h\u00e9bra\u00efque, &hellip; <a href=\"https:\/\/www.cirdic.fr\/index.php\/formation\/cours-du-cirdic\/\" class=\"more-link\">Continuer la lecture<span class=\"screen-reader-text\"> de &laquo;&nbsp;Les propositions du CIRDIC&nbsp;&raquo;<\/span><\/a><\/p>\n","protected":false},"author":1,"featured_media":0,"parent":633,"menu_order":1,"comment_status":"closed","ping_status":"closed","template":"","meta":{"footnotes":""},"class_list":["post-2169","page","type-page","status-publish","hentry"],"jetpack_sharing_enabled":true,"_links":{"self":[{"href":"https:\/\/www.cirdic.fr\/index.php\/wp-json\/wp\/v2\/pages\/2169","targetHints":{"allow":["GET"]}}],"collection":[{"href":"https:\/\/www.cirdic.fr\/index.php\/wp-json\/wp\/v2\/pages"}],"about":[{"href":"https:\/\/www.cirdic.fr\/index.php\/wp-json\/wp\/v2\/types\/page"}],"author":[{"embeddable":true,"href":"https:\/\/www.cirdic.fr\/index.php\/wp-json\/wp\/v2\/users\/1"}],"replies":[{"embeddable":true,"href":"https:\/\/www.cirdic.fr\/index.php\/wp-json\/wp\/v2\/comments?post=2169"}],"version-history":[{"count":0,"href":"https:\/\/www.cirdic.fr\/index.php\/wp-json\/wp\/v2\/pages\/2169\/revisions"}],"up":[{"embeddable":true,"href":"https:\/\/www.cirdic.fr\/index.php\/wp-json\/wp\/v2\/pages\/633"}],"wp:attachment":[{"href":"https:\/\/www.cirdic.fr\/index.php\/wp-json\/wp\/v2\/media?parent=2169"}],"curies":[{"name":"wp","href":"https:\/\/api.w.org\/{rel}","templated":true}]}}