{"id":2141,"date":"2017-06-22T19:32:18","date_gmt":"2017-06-22T17:32:18","guid":{"rendered":"http:\/\/www.cirdic.fr\/?page_id=2141"},"modified":"2017-06-22T19:32:18","modified_gmt":"2017-06-22T17:32:18","slug":"decouvrir-la-bible-a-la-lumiere-de-la-tradition-orale-du-judaisme","status":"publish","type":"page","link":"https:\/\/www.cirdic.fr\/index.php\/evenements-cirdic\/decouvrir-la-bible-a-la-lumiere-de-la-tradition-orale-du-judaisme\/","title":{"rendered":"D\u00e9couvrir la Bible \u00e0 la lumi\u00e8re de la tradition orale du Juda\u00efsme"},"content":{"rendered":"<figure id=\"attachment_2204\" aria-describedby=\"caption-attachment-2204\" style=\"width: 300px\" class=\"wp-caption alignleft\"><a href=\"https:\/\/www.cirdic.fr\/wp-content\/uploads\/2017\/06\/1850ukr_pesah_wiki-commons.jpg\"><img loading=\"lazy\" decoding=\"async\" class=\"size-medium wp-image-2204\" src=\"https:\/\/www.cirdic.fr\/wp-content\/uploads\/2017\/06\/1850ukr_pesah_wiki-commons-300x195.jpg\" alt=\"\" width=\"300\" height=\"195\" srcset=\"https:\/\/www.cirdic.fr\/wp-content\/uploads\/2017\/06\/1850ukr_pesah_wiki-commons-300x195.jpg 300w, https:\/\/www.cirdic.fr\/wp-content\/uploads\/2017\/06\/1850ukr_pesah_wiki-commons.jpg 590w\" sizes=\"auto, (max-width: 300px) 85vw, 300px\" \/><\/a><figcaption id=\"caption-attachment-2204\" class=\"wp-caption-text\">Jews Celebrating Passover. Lubok, XIXth century<\/figcaption><\/figure>\n<p style=\"text-align: justify;\">Propos\u00e9 par <strong>Michel Elbaz<\/strong><br \/>\nL\u2019\u00e9tude propos\u00e9e portera sur la Haggadah de Pessah, examin\u00e9e \u00e0 la lumi\u00e8re de la litt\u00e9rature midrashique.<\/p>\n<p style=\"text-align: justify; padding-left: 30px;\"><em>\u00ab Le midrash qui caract\u00e9rise le mieux la litt\u00e9rature rabbinique n\u2019est pas un mode de pens\u00e9e insolite et \u00e9nigmatique, voire subtile ; c\u2019est une ex\u00e9g\u00e8se cr\u00e9atrice. Il constitue, par excellence, la cat\u00e9gorie juive de l\u2019interpr\u00e9tation. \u00bb<\/em> (David Banon, Le Midrash, Que sais-je, PUF, 1995).<\/p>\n<p style=\"text-align: justify;\">Cette approche des textes est nouvelle pour la plupart d\u2019entre nous et comme il est difficile pour des chr\u00e9tiens d\u2019entrer seuls dans ces textes, la proposition de Michel Elbaz est une vraie b\u00e9n\u00e9diction.<br \/>\nCe cours s\u2019adresse \u00e0 un public connaissant d\u00e9j\u00e0 bien le juda\u00efsme et si possible un peu l\u2019h\u00e9breu auquel il faut souvent recourir pour bien comprendre la pens\u00e9e des rabbins.<\/p>\n<h3>Dates, horaires et lieu :<\/h3>\n<ul>\n<li>lundi 16 octobre 2017<\/li>\n<li>lundi 13 novembre 2017<\/li>\n<li>lundi 11 d\u00e9cembre 2017<\/li>\n<\/ul>\n<p><strong>de 17h30 \u00e0 19h30.<\/strong><\/p>\n<p>Chez les Religieux de Notre-Dame de Sion<br \/>\n68bis rue Notre-Dame des Champs, 75006 Paris<br \/>\nM\u00b0 Vavin, Port-Royal ou Notre-Dame des Champs<\/p>\n<p><strong>Co\u00fbt pour les trois cours<\/strong> : 45\u20ac<\/p>\n<p style=\"text-align: justify;\">\u00a0Pour nous contacter ou vous pr\u00e9inscrire : <a href=\"mailto:cours@cirdic.fr\">cours@cirdic.fr<\/a><\/p>\n<p style=\"text-align: justify;\">Michel Elbaz a donn\u00e9 des cours au SIDIC, intervient aux Bernardins et est le directeur de l\u2019Institut L\u00e9on Ask\u00e9nazi<\/p>\n<p>MAJ : 21\/09\/17, AB<\/p>\n","protected":false},"excerpt":{"rendered":"<p>Propos\u00e9 par Michel Elbaz L\u2019\u00e9tude propos\u00e9e portera sur la Haggadah de Pessah, examin\u00e9e \u00e0 la lumi\u00e8re de la litt\u00e9rature midrashique. \u00ab Le midrash qui caract\u00e9rise le mieux la litt\u00e9rature rabbinique n\u2019est pas un mode de pens\u00e9e insolite et \u00e9nigmatique, voire subtile ; c\u2019est une ex\u00e9g\u00e8se cr\u00e9atrice. Il constitue, par excellence, la cat\u00e9gorie juive de l\u2019interpr\u00e9tation. &hellip; <a href=\"https:\/\/www.cirdic.fr\/index.php\/evenements-cirdic\/decouvrir-la-bible-a-la-lumiere-de-la-tradition-orale-du-judaisme\/\" class=\"more-link\">Continuer la lecture<span class=\"screen-reader-text\"> de &laquo;&nbsp;D\u00e9couvrir la Bible \u00e0 la lumi\u00e8re de la tradition orale du Juda\u00efsme&nbsp;&raquo;<\/span><\/a><\/p>\n","protected":false},"author":2,"featured_media":0,"parent":635,"menu_order":0,"comment_status":"closed","ping_status":"closed","template":"","meta":{"footnotes":""},"class_list":["post-2141","page","type-page","status-publish","hentry"],"jetpack_sharing_enabled":true,"_links":{"self":[{"href":"https:\/\/www.cirdic.fr\/index.php\/wp-json\/wp\/v2\/pages\/2141","targetHints":{"allow":["GET"]}}],"collection":[{"href":"https:\/\/www.cirdic.fr\/index.php\/wp-json\/wp\/v2\/pages"}],"about":[{"href":"https:\/\/www.cirdic.fr\/index.php\/wp-json\/wp\/v2\/types\/page"}],"author":[{"embeddable":true,"href":"https:\/\/www.cirdic.fr\/index.php\/wp-json\/wp\/v2\/users\/2"}],"replies":[{"embeddable":true,"href":"https:\/\/www.cirdic.fr\/index.php\/wp-json\/wp\/v2\/comments?post=2141"}],"version-history":[{"count":0,"href":"https:\/\/www.cirdic.fr\/index.php\/wp-json\/wp\/v2\/pages\/2141\/revisions"}],"up":[{"embeddable":true,"href":"https:\/\/www.cirdic.fr\/index.php\/wp-json\/wp\/v2\/pages\/635"}],"wp:attachment":[{"href":"https:\/\/www.cirdic.fr\/index.php\/wp-json\/wp\/v2\/media?parent=2141"}],"curies":[{"name":"wp","href":"https:\/\/api.w.org\/{rel}","templated":true}]}}