{"id":2134,"date":"2017-06-22T19:09:09","date_gmt":"2017-06-22T17:09:09","guid":{"rendered":"http:\/\/www.cirdic.fr\/?page_id=2134"},"modified":"2017-06-22T19:09:09","modified_gmt":"2017-06-22T17:09:09","slug":"cours-dhebreu","status":"publish","type":"page","link":"https:\/\/www.cirdic.fr\/index.php\/formation\/cours-du-cirdic\/cours-dhebreu\/","title":{"rendered":"Initiation \u00e0 l&rsquo;h\u00e9breu"},"content":{"rendered":"<h1><a href=\"https:\/\/www.cirdic.fr\/wp-content\/uploads\/2017\/06\/170627_alicemeles_photo-allegee.jpg\"><img loading=\"lazy\" decoding=\"async\" class=\"wp-image-2194 size-thumbnail alignleft\" src=\"https:\/\/www.cirdic.fr\/wp-content\/uploads\/2017\/06\/170627_alicemeles_photo-allegee-150x150.jpg\" alt=\"\" width=\"150\" height=\"150\" \/><\/a>L\u2019h\u00e9breu dans les textes du dimanche<\/h1>\n<p>Alice M\u00e9l\u00e8s reprend son atelier d&rsquo;initiation \u00e0 l&rsquo;h\u00e9breu \u00e0 la paroisse Notre-Dame du Perp\u00e9tuel Secours, Paris 11e.<br \/>\nLe th\u00e8me de cette ann\u00e9e :<br \/>\n\u00ab\u00a0La plupart du temps, la liturgie dominicale nous propose 4 textes de la Bible :<br \/>\n2 extraits du Premier Testament, 2 extraits du Nouveau Testament.<br \/>\nNous nous int\u00e9resserons \u00e0 ceux du Premier Testament, \u00e9crits en h\u00e9breu. Nous rel\u00e8verons, dans ces textes, quelques mots que nous \u00e9tudierons \u00e0 la lumi\u00e8re de la Tradition juive.\u00a0\u00bb<\/p>\n<p>Les s\u00e9ances auront lieu le mercredi <strong>\u00e0 19h<\/strong>, dans la crypte de l&rsquo;\u00e9glise Notre-Dame du Perp\u00e9tuel Secours (m\u00e9tro P\u00e8re-Lachaise)<br \/>\n26 sept, 17 oct, 7 et 28 nov, 19 d\u00e9c, 9 et 30 jan, 20 f\u00e9v, 13 mars, 10 avril, 15 mai, 5 juin<\/p>\n<p>Participation aux frais : 5 \u20ac par s\u00e9ance<br \/>\nPour nous contacter : <a href=\"mailto:cours@cirdic.fr\">cours@cirdic.fr<\/a><\/p>\n<p>Alice M\u00e9l\u00e8s,\u00a0DULCO d\u2019h\u00e9breu moderne, a enseign\u00e9 au SIDIC et enseigne maintenant aux Bernardins. <a href=\"https:\/\/www.collegedesbernardins.fr\/intervenants\/meles-alice?category_id=7003\" target=\"_blank\" rel=\"noopener noreferrer\">Plus d&rsquo;informations<\/a><\/p>\n<p>MAJ : 20\/09\/2018<\/p>\n","protected":false},"excerpt":{"rendered":"<p>L\u2019h\u00e9breu dans les textes du dimanche Alice M\u00e9l\u00e8s reprend son atelier d&rsquo;initiation \u00e0 l&rsquo;h\u00e9breu \u00e0 la paroisse Notre-Dame du Perp\u00e9tuel Secours, Paris 11e. Le th\u00e8me de cette ann\u00e9e : \u00ab\u00a0La plupart du temps, la liturgie dominicale nous propose 4 textes de la Bible : 2 extraits du Premier Testament, 2 extraits du Nouveau Testament. Nous &hellip; <a href=\"https:\/\/www.cirdic.fr\/index.php\/formation\/cours-du-cirdic\/cours-dhebreu\/\" class=\"more-link\">Continuer la lecture<span class=\"screen-reader-text\"> de &laquo;&nbsp;Initiation \u00e0 l&rsquo;h\u00e9breu&nbsp;&raquo;<\/span><\/a><\/p>\n","protected":false},"author":2,"featured_media":0,"parent":2169,"menu_order":0,"comment_status":"closed","ping_status":"closed","template":"","meta":{"footnotes":""},"class_list":["post-2134","page","type-page","status-publish","hentry"],"jetpack_sharing_enabled":true,"_links":{"self":[{"href":"https:\/\/www.cirdic.fr\/index.php\/wp-json\/wp\/v2\/pages\/2134","targetHints":{"allow":["GET"]}}],"collection":[{"href":"https:\/\/www.cirdic.fr\/index.php\/wp-json\/wp\/v2\/pages"}],"about":[{"href":"https:\/\/www.cirdic.fr\/index.php\/wp-json\/wp\/v2\/types\/page"}],"author":[{"embeddable":true,"href":"https:\/\/www.cirdic.fr\/index.php\/wp-json\/wp\/v2\/users\/2"}],"replies":[{"embeddable":true,"href":"https:\/\/www.cirdic.fr\/index.php\/wp-json\/wp\/v2\/comments?post=2134"}],"version-history":[{"count":0,"href":"https:\/\/www.cirdic.fr\/index.php\/wp-json\/wp\/v2\/pages\/2134\/revisions"}],"up":[{"embeddable":true,"href":"https:\/\/www.cirdic.fr\/index.php\/wp-json\/wp\/v2\/pages\/2169"}],"wp:attachment":[{"href":"https:\/\/www.cirdic.fr\/index.php\/wp-json\/wp\/v2\/media?parent=2134"}],"curies":[{"name":"wp","href":"https:\/\/api.w.org\/{rel}","templated":true}]}}