{"id":1819,"date":"2017-04-30T13:21:04","date_gmt":"2017-04-30T11:21:04","guid":{"rendered":"http:\/\/www.cirdic.fr\/?page_id=1819"},"modified":"2017-04-30T13:21:04","modified_gmt":"2017-04-30T11:21:04","slug":"video-importantes-a-voir-et-revoir","status":"publish","type":"page","link":"https:\/\/www.cirdic.fr\/index.php\/sinformer\/video-importantes-a-voir-et-revoir\/","title":{"rendered":"Autres videos"},"content":{"rendered":"<h4 class=\"surTitre\">_________________________________<\/h4>\n<h4 class=\"surTitre\">50e. anniversaire de la d\u00e9claration conciliaire \u00ab\u00a0Nostra Aetate\u00a0\u00bb<\/h4>\n<h1 class=\"titre\">\u00ab\u00a0On ne peut pas divorcer de ses fr\u00e8res\u00a0\u00bb\u00a0\u00a0\u00a0(68\u00a0min)<\/h1>\n<p class=\"presentation\"><em><strong>J.\u00a0Beau<\/strong>\u00a0&#8211; ev\u00eaque<\/em>\u00a0&#8211;\u00a0\u00a0<em><strong>J.F.\u00a0Bensahel<\/strong>\u00a0&#8211; Pr\u00e9sident\u00a0<\/em>\u00a0&#8211;\u00a0\u00a0<em><strong>F.\u00a0Clavairoly<\/strong>\u00a0&#8211; pasteur<\/em>\u00a0&#8211;\u00a0\u00a0<em><strong>P.\u00a0Desbois<\/strong>\u00a0&#8211; pr\u00eatre<\/em>\u00a0&#8211;\u00a0\u00a0<em><strong>H.\u00a0Korsia<\/strong>\u00a0&#8211; grand rabbin<\/em>\u00a0&#8211;\u00a0\u00a0<em><strong>R.\u00a0Marciano<\/strong>\u00a0&#8211; dir. du Centre Com.<\/em>\u00a0&#8211;\u00a0\u00a0<em><strong>F.\u00a0Rausky<\/strong>\u00a0&#8211; dir. \u00e9tudes Institut Elie Wiesel<\/em>\u00a0&#8211;\u00a0\u00a0<em><strong>A.\u00a0Vingt-Trois<\/strong>\u00a0&#8211; cardinal<\/em><\/p>\n<p class=\"presentation\"><a href=\"http:\/\/www.akadem.org\/sommaire\/themes\/philosophie\/juda\u00efsmechristianismeislam\/dialogue\/on-ne-peut-pas-divorcer-de-ses-freres-25-11-2015-75752_337.php\">Regarder la video<\/a><\/p>\n<p class=\"presentation\"><em>(Source : Akadem)<\/em><\/p>\n<p>____________________________________________<\/p>\n<h4 class=\"surTitre\">Juifs et chr\u00e9tiens au XXIe. si\u00e8cle<\/h4>\n<h1 class=\"titre\">La r\u00e9conciliation des fr\u00e8res ennemis \u00a0(37\u00a0min)<\/h1>\n<p class=\"presentation\"><em><strong>J.F.\u00a0Bensahel<\/strong>\u00a0&#8211; Pr\u00e9sident\u00a0<\/em>\u00a0&#8211;\u00a0\u00a0<em><strong>P. \u00a0D&rsquo;Ornellas<\/strong>\u00a0&#8211; Archev\u00eaque de Rennes\u00a0<\/em>\u00a0&#8211;\u00a0\u00a0<em><strong>A.\u00a0Mercier<\/strong>\u00a0&#8211; Journaliste, entretien<\/em><\/p>\n<p class=\"presentation\"><a href=\"http:\/\/www.akadem.org\/magazine\/2014-2015\/la-reconciliation-des-freres-ennemis-19-01-2016-77356_4556.php\">Regarder la video<\/a><\/p>\n<p class=\"presentation\"><em>(Source : Akadem)<\/em><\/p>\n<p class=\"presentation\">____________________________________________<\/p>\n<h4 class=\"surTitre\">Eglise et Isra\u00ebl<\/h4>\n<h1 class=\"titre\">Le regard de l&rsquo;Eglise sur le juda\u00efsme \u00a0(54\u00a0min)<\/h1>\n<p class=\"presentation\"><em><strong>Jean-Marie Lustiger<\/strong>\u00a0&#8211; cardinal<\/em><\/p>\n<p class=\"presentation\"><a href=\"http:\/\/www.akadem.org\/sommaire\/colloques\/-eglise-et-israel-le-texte-de-repentance-protestante\/le-regard-de-l-eglise-sur-le-judaisme-05-10-2006-6751_4116.php\">Regarder la video<\/a><\/p>\n<p class=\"presentation\"><em>(Source : Akadem)<\/em><\/p>\n<p class=\"presentation\">____________________________________________<\/p>\n<h4 class=\"surTitre\">Le monde s\u00e9cularis\u00e9 a besoin des religions<\/h4>\n<h1 class=\"titre\">Juifs et chr\u00e9tiens: racines communes, dialogues futurs \u00a0(239\u00a0min)<\/h1>\n<p class=\"presentation\"><em><strong>M.\u00a0Azoulay<\/strong>\u00a0&#8211; rabbin<\/em>\u00a0&#8211;\u00a0\u00a0<em><strong>S.\u00a0Caneri<\/strong>\u00a0&#8211; bibliste<\/em>\u00a0&#8211;\u00a0\u00a0<em><strong>F.\u00a0Clavairoly<\/strong>\u00a0&#8211; pasteur<\/em>\u00a0&#8211;\u00a0\u00a0<em><strong>J.\u00a0Cuche<\/strong>\u00a0&#8211; pr\u00e9sidente de l&rsquo;AJCF<\/em>\u00a0&#8211;\u00a0\u00a0<em><strong>Y.\u00a0Dalsace<\/strong>\u00a0&#8211; rabbin<\/em>\u00a0&#8211;\u00a0\u00a0<em><strong>D.\u00a0De-la-Maisonneuve<\/strong>\u00a0&#8211; religieuse<\/em>\u00a0&#8211;\u00a0\u00a0<em><strong>E.\u00a0Adamakis<\/strong>\u00a0&#8211; m\u00e9tropolite de Paris<\/em>\u00a0&#8211;\u00a0\u00a0<em><strong>N.\u00a0Hofmann<\/strong>\u00a0&#8211; pr\u00eatre<\/em>\u00a0&#8211;\u00a0\u00a0<em><strong>P.\u00a0Juston<\/strong>\u00a0&#8211; conseiller\u00a0<\/em>\u00a0&#8211;\u00a0\u00a0<em><strong>M.\u00a0Ojzerowicz<\/strong><\/em>\u00a0&#8211;\u00a0\u00a0<em><strong>A.M.\u00a0Revcolevschi<\/strong>\u00a0&#8211; professeur<\/em>\u00a0&#8211;\u00a0\u00a0<em><strong>A.\u00a0Spire<\/strong>\u00a0&#8211; journaliste<\/em>\u00a0&#8211;\u00a0\u00a0<em><strong>P.\u00a0Thibaud<\/strong>\u00a0&#8211; philosophe<\/em>\u00a0&#8211;\u00a0<em><strong>E.\u00a0Van-Gelder<\/strong>\u00a0&#8211; pr\u00e9sidente Bnai Brith Europe<\/em>\u00a0&#8211;\u00a0\u00a0<em><strong>A.\u00a0Vigne<\/strong>\u00a0&#8211; Pdt de C.I.E.U.X<\/em><\/p>\n<p class=\"presentation\"><a href=\"http:\/\/www.akadem.org\/sommaire\/themes\/histoire\/relations-judeo-chretiennes\/dialogue-inter-religieux\/juifs-et-chretiens-racines-communes-dialogues-futurs-17-03-2015-68427_122.php\">Regarder la video<\/a><\/p>\n<p class=\"presentation\"><em>(Source : Akadem)<\/em><\/p>\n<p class=\"contenu-label\">____________________________________________<\/p>\n<p class=\"contenu-label\">MARDIS DES BERNARDINS<\/p>\n<h1>Le Christ \u00e9tait-il juif ? \u00a0(51 min)<\/h1>\n<p>En quoi l\u2019av\u00e8nement d\u2019un Messie aux fronti\u00e8res de l\u2019humain et du divin faisait-il \u00e9cho aux croyances des contemporains juifs de J\u00e9sus ?<\/p>\n<p class=\"presentation\"><a href=\"https:\/\/www.collegedesbernardins.fr\/content\/le-christ-etait-il-juif\">Regarder la video<\/a><\/p>\n<p class=\"presentation\"><em>(Source : Coll\u00e8ge des Bernardins)<\/em><\/p>\n<p class=\"presentation\">____________________________________________<\/p>\n<h1 class=\"contenu-name\">Les juifs et la passion du Christ \u00a0(25 min)<\/h1>\n<p class=\"contenu-subname\">Peu de mots ont \u00e9t\u00e9 autant source de malentendus dans l\u2019histoire que le terme \u00ab\u00a0juifs\u00a0\u00bb dans le r\u00e9cit de la Passion.<\/p>\n<p class=\"contenu-subname\">Pourquoi l\u2019a-t-on r\u00e9serv\u00e9 aux adversaires du Christ, alors que J\u00e9sus lui-m\u00eame, Marie et les ap\u00f4tres sont \u00e9galement juifs\u00a0? Et que d\u00e9signe exactement le terme grec \u00ab\u00a0Iouda\u00efoi\u00a0\u00bb imparfaitement rendu par \u00ab\u00a0juifs\u00a0\u00bb ? Le magist\u00e8re de l\u2019Eglise nous aidera \u00e0 r\u00e9pondre \u00e0 ces questions \u00e0 travers plusieurs documents r\u00e9cents.<\/p>\n<div class=\"contenu-contenu wysiwyg\"><\/div>\n<p class=\"presentation\"><em><strong>T. Verney\u00a0<\/strong><\/em><em>&#8211; pr\u00eatre<\/em><\/p>\n<p class=\"presentation\"><a href=\"https:\/\/www.collegedesbernardins.fr\/content\/les-juifs-et-la-passion-du-christ\">Regarder la video<\/a><\/p>\n<p class=\"presentation\"><em>(Source : Coll\u00e8ge des Bernardins)<\/em><\/p>\n<p class=\"presentation\">____________________________________________<\/p>\n<h4 class=\"surTitre\">Regard d&rsquo;un chr\u00e9tien sur l&rsquo;antis\u00e9mitisme<\/h4>\n<h1 class=\"titre\">Les antis\u00e9mites n&rsquo;ont pas besoin d&rsquo;Isra\u00ebl \u00a0(60\u00a0min)<\/h1>\n<p class=\"presentation\"><em><strong>P.\u00a0Desbois<\/strong>\u00a0&#8211; pr\u00eatre<\/em>\u00a0&#8211;\u00a0\u00a0<em><strong>P.\u00a0Haddad<\/strong>\u00a0&#8211; rabbin<\/em><\/p>\n<p class=\"presentation\"><a href=\"http:\/\/www.akadem.org\/sommaire\/themes\/politique\/antisemitisme\/antisionisme\/les-antisemites-n-ont-pas-besoin-d-israel-08-12-2014-65569_136.php\">Regarder la video<\/a><\/p>\n<p class=\"presentation\"><em>(Source : Akadem)<\/em><\/p>\n<p class=\"presentation\">____________________________________________<\/p>\n<h4 class=\"surTitre\">Un lent cheminement<\/h4>\n<h1 class=\"titre\">Dialogue entre juifs et chr\u00e9tiens \u00a0(53\u00a0min)<\/h1>\n<p class=\"presentation\"><em><strong>Danielle Guerrier<\/strong>\u00a0&#8211; professeur<\/em><\/p>\n<p class=\"presentation\"><a href=\"http:\/\/www.akadem.org\/sommaire\/themes\/histoire\/relations-judeo-chretiennes\/dialogue-inter-religieux\/dialogue-entre-juifs-et-chretiens-27-06-2006-6687_122.php\">Regarder la video <\/a><\/p>\n<p class=\"presentation\"><em>(Source : Akadem)<\/em><\/p>\n<p class=\"presentation\">____________________________________________<\/p>\n<p class=\"presentation\">\n","protected":false},"excerpt":{"rendered":"<p>_________________________________ 50e. anniversaire de la d\u00e9claration conciliaire \u00ab\u00a0Nostra Aetate\u00a0\u00bb \u00ab\u00a0On ne peut pas divorcer de ses fr\u00e8res\u00a0\u00bb\u00a0\u00a0\u00a0(68\u00a0min) J.\u00a0Beau\u00a0&#8211; ev\u00eaque\u00a0&#8211;\u00a0\u00a0J.F.\u00a0Bensahel\u00a0&#8211; Pr\u00e9sident\u00a0\u00a0&#8211;\u00a0\u00a0F.\u00a0Clavairoly\u00a0&#8211; pasteur\u00a0&#8211;\u00a0\u00a0P.\u00a0Desbois\u00a0&#8211; pr\u00eatre\u00a0&#8211;\u00a0\u00a0H.\u00a0Korsia\u00a0&#8211; grand rabbin\u00a0&#8211;\u00a0\u00a0R.\u00a0Marciano\u00a0&#8211; dir. du Centre Com.\u00a0&#8211;\u00a0\u00a0F.\u00a0Rausky\u00a0&#8211; dir. \u00e9tudes Institut Elie Wiesel\u00a0&#8211;\u00a0\u00a0A.\u00a0Vingt-Trois\u00a0&#8211; cardinal Regarder la video (Source : Akadem) ____________________________________________ Juifs et chr\u00e9tiens au XXIe. si\u00e8cle La r\u00e9conciliation des fr\u00e8res ennemis \u00a0(37\u00a0min) J.F.\u00a0Bensahel\u00a0&#8211; Pr\u00e9sident\u00a0\u00a0&#8211;\u00a0\u00a0P. &hellip; <a href=\"https:\/\/www.cirdic.fr\/index.php\/sinformer\/video-importantes-a-voir-et-revoir\/\" class=\"more-link\">Continuer la lecture<span class=\"screen-reader-text\"> de &laquo;&nbsp;Autres videos&nbsp;&raquo;<\/span><\/a><\/p>\n","protected":false},"author":1,"featured_media":0,"parent":875,"menu_order":3,"comment_status":"closed","ping_status":"closed","template":"","meta":{"footnotes":""},"class_list":["post-1819","page","type-page","status-publish","hentry"],"jetpack_sharing_enabled":true,"_links":{"self":[{"href":"https:\/\/www.cirdic.fr\/index.php\/wp-json\/wp\/v2\/pages\/1819","targetHints":{"allow":["GET"]}}],"collection":[{"href":"https:\/\/www.cirdic.fr\/index.php\/wp-json\/wp\/v2\/pages"}],"about":[{"href":"https:\/\/www.cirdic.fr\/index.php\/wp-json\/wp\/v2\/types\/page"}],"author":[{"embeddable":true,"href":"https:\/\/www.cirdic.fr\/index.php\/wp-json\/wp\/v2\/users\/1"}],"replies":[{"embeddable":true,"href":"https:\/\/www.cirdic.fr\/index.php\/wp-json\/wp\/v2\/comments?post=1819"}],"version-history":[{"count":0,"href":"https:\/\/www.cirdic.fr\/index.php\/wp-json\/wp\/v2\/pages\/1819\/revisions"}],"up":[{"embeddable":true,"href":"https:\/\/www.cirdic.fr\/index.php\/wp-json\/wp\/v2\/pages\/875"}],"wp:attachment":[{"href":"https:\/\/www.cirdic.fr\/index.php\/wp-json\/wp\/v2\/media?parent=1819"}],"curies":[{"name":"wp","href":"https:\/\/api.w.org\/{rel}","templated":true}]}}