{"id":1525,"date":"2017-03-13T17:00:11","date_gmt":"2017-03-13T16:00:11","guid":{"rendered":"http:\/\/www.cirdic.fr\/?page_id=1525"},"modified":"2023-04-21T14:26:14","modified_gmt":"2023-04-21T12:26:14","slug":"textes-et-documents-de-reference","status":"publish","type":"page","link":"https:\/\/www.cirdic.fr\/index.php\/formation\/textes-et-documents-de-reference\/","title":{"rendered":"Textes et documents de r\u00e9f\u00e9rence"},"content":{"rendered":"<h3>Textes catholiques :<\/h3>\n<ul>\n<li><a href=\"http:\/\/www.vatican.va\/archive\/hist_councils\/ii_vatican_council\/documents\/vat-ii_decl_19651028_nostra-aetate_fr.html\" target=\"_blank\" rel=\"noopener\">D\u00e9claration sur les relations de l\u2019Eglise avec les religions non chr\u00e9tiennes\u00a0<em>NOSTRA AETATE<\/em> &#8211; Rome, le 28 octobre 1965.<\/a><\/li>\n<li>Orientations pastorales du Comit\u00e9 \u00e9piscopal pour les relations avec le juda\u00efsme \u2013 France, 1973.<\/li>\n<li><a href=\"https:\/\/www.cirdic.fr\/wp-content\/uploads\/2017\/03\/Orientations-Nostra-Aetate-1974.pdf\" target=\"_blank\" rel=\"noopener\">Orientations et suggestions pour l\u2019application de la d\u00e9claration conciliaire \u00ab <em>Nostra Aetate<\/em> \u00bb (n\u00b04) &#8211; Rome, le 1er d\u00e9cembre 1974.<\/a><\/li>\n<li><a href=\"https:\/\/www.cirdic.fr\/wp-content\/uploads\/2017\/03\/Note-cat\u00e9ch\u00e8se.pdf\" target=\"_blank\" rel=\"noopener\">Notes pour une correcte pr\u00e9sentation des juifs et du juda\u00efsme dans la pr\u00e9dication et la cat\u00e9ch\u00e8se de l\u2019Eglise catholique \u2013 1985.<\/a><\/li>\n<li><a href=\"http:\/\/www.vatican.va\/roman_curia\/secretariat_state\/archivio\/documents\/rc_seg-st_19931230_santa-sede-israele_en.html\" target=\"_blank\" rel=\"noopener\">Accord diplomatique pour les relations entre Isra\u00ebl et le Vatican &#8211; 1993.<\/a><\/li>\n<li><a href=\"http:\/\/www.eglise.catholique.fr\/conference-des-eveques-de-france\/textes-et-declarations\/369207-declaration-de-repentance-des-eveques-de-france\/\" target=\"_blank\" rel=\"noopener\">D\u00e9claration de repentance des \u00e9v\u00eaques de France \u2013 Drancy, 30 septembre 1997.<\/a><\/li>\n<li><a href=\"https:\/\/www.cirdic.fr\/wp-content\/uploads\/2017\/03\/Nous-nous-souvenons-1998.pdf\" target=\"_blank\" rel=\"noopener\">Nous nous souvenons, une r\u00e9flexion sur la <em>Shoah<\/em> &#8211; Message du saint P\u00e8re Jean-Paul II au Cardinal Cassidy, Vatican, le 12 mars 1998.<\/a><\/li>\n<li><em>M\u00e9moire et r\u00e9conciliation. L&rsquo;Eglise et les fautes du pass\u00e9<\/em>, Les Editions du Cerf, 2000, 93 p.<\/li>\n<li>Pr\u00e9sentation : \u00ab\u00a0Le peuple juif et ses saintes \u00e9critures dans la Bible chr\u00e9tienne\u00a0\u00bb \u2013 2001,\u00a0Commission Biblique Pontificale, Les Editions du Cerf, 2001, 214 p.<\/li>\n<li><a href=\"http:\/\/w2.vatican.va\/content\/francesco\/fr\/apost_exhortations\/documents\/papa-francesco_esortazione-ap_20131124_evangelii-gaudium.html\" target=\"_blank\" rel=\"noopener\">Evangelii Gaudium IV, chap. IV, les relations avec le juda\u00efsme \u2013 2013.<\/a><\/li>\n<li><a href=\"https:\/\/www.cirdic.fr\/wp-content\/uploads\/2017\/03\/Les-dons-et-lappel-de-Dieu-sont-irrevocables-2015.pdf\" target=\"_blank\" rel=\"noopener\">Les dons et l\u2019appel de Dieu sont irr\u00e9vocables, une r\u00e9flexion th\u00e9ologique sur les rapports entre catholiques et juifs a l\u2019occasion du 50e anniversaire de <em>Nostra Aetate<\/em>. Commission pour les relations religieuses avec le juda\u00efsme, 10 d\u00e9cembre 2015.<\/a><\/li>\n<li><a href=\"https:\/\/www.cirdic.fr\/wp-content\/uploads\/2017\/03\/Allocution-de-Raphy-Marciano-2015.pdf\">Allocution prononc\u00e9e par Raphy Marciano, directeur du Centre Communautaire de Paris, lors du Conseil National de l\u2019AJCF du 1er mars 2015.<\/a><\/li>\n<li><strong>Le dialogue jud\u00e9o-chr\u00e9tien : textes fondamentaux.<\/strong> Une brochure de l&rsquo;AJCF,\u00a0 (Revue Sens hors s\u00e9rie 1999)\u00a0disponible au Si\u00e8ge de l\u2019AJCF : 60 rue de Rome 75008 Paris.<\/li>\n<li><a href=\"https:\/\/www.cirdic.fr\/index.php\/2016\/10\/02\/quelques-citations-importantes\/\">Citations<\/a><\/li>\n<\/ul>\n<h3>Textes juifs :<\/h3>\n<ul>\n<li><a href=\"https:\/\/www.cirdic.fr\/wp-content\/uploads\/2017\/03\/Les-18-propositions-pr\u00e9sent\u00e9es-par-Jules-Isaac-\u00e0-Seelisberg-en-1947.pdf\">Les 18 propositions pr\u00e9sent\u00e9es par Jules Isaac \u00e0 Seelisberg en 1947.<\/a><\/li>\n<li><a href=\"https:\/\/www.cirdic.fr\/index.php\/2016\/10\/01\/les-dix-points-de-seelisberg\/#more-1172\">Les 10 points de Seelisberg \u2013 1947.<\/a><\/li>\n<li><a href=\"https:\/\/www.cirdic.fr\/wp-content\/uploads\/2017\/03\/Dabru-Emet-2002.pdf\" target=\"_blank\" rel=\"noopener\"><em>DABRU EMET<\/em> &#8211; D\u00e9claration juive sur les chr\u00e9tiens et le christianisme \u2013 2002.<\/a><\/li>\n<li><a href=\"https:\/\/www.cirdic.fr\/wp-content\/uploads\/2017\/03\/Les-douze-points-de-Berlin.pdf\" target=\"_blank\" rel=\"noopener\">Les 12 points de Berlin &#8211; Juillet 2009.<\/a><\/li>\n<li><a href=\"https:\/\/www.cirdic.fr\/index.php\/2016\/10\/01\/declaration-pour-le-jubile-de-fraternite-a-venir\/\" target=\"_blank\" rel=\"noopener\">D\u00e9claration pour le Jubil\u00e9 de fraternit\u00e9 \u00e0 venir,\u00a0Une nouvelle vision juive des relations jud\u00e9o-chr\u00e9tiennes, 23 novembre 2015.<\/a><\/li>\n<li><a href=\"https:\/\/www.cirdic.fr\/wp-content\/uploads\/2017\/03\/D\u00e9claration-de-rabbins-orthodoxes-sur-le-christianisme-Dec-2015.pdf\" target=\"_blank\" rel=\"noopener\">Faire la volont\u00e9 de Notre P\u00e8re des Cieux : D\u00e9claration de rabbins orthodoxes sur le christianisme &#8211; D\u00e9cembre 2015.<\/a><\/li>\n<li><a href=\"https:\/\/www.cirdic.fr\/wp-content\/uploads\/2017\/03\/Entre-Jerusalem-et-Rome-10-fevrier-2016.pdf\" target=\"_blank\" rel=\"noopener\">Entre Jerusalem et Rome, Le partage de l\u2019universel et le respect du particulier &#8211; R\u00e9flexions sur le 50e anniversaire de <em>Nostra Aetate<\/em>, 10 f\u00e9vrier 2016.<\/a><\/li>\n<\/ul>\n","protected":false},"excerpt":{"rendered":"<p>Textes catholiques : D\u00e9claration sur les relations de l\u2019Eglise avec les religions non chr\u00e9tiennes\u00a0NOSTRA AETATE &#8211; Rome, le 28 octobre 1965. Orientations pastorales du Comit\u00e9 \u00e9piscopal pour les relations avec le juda\u00efsme \u2013 France, 1973. Orientations et suggestions pour l\u2019application de la d\u00e9claration conciliaire \u00ab Nostra Aetate \u00bb (n\u00b04) &#8211; Rome, le 1er d\u00e9cembre 1974. &hellip; <a href=\"https:\/\/www.cirdic.fr\/index.php\/formation\/textes-et-documents-de-reference\/\" class=\"more-link\">Continuer la lecture<span class=\"screen-reader-text\"> de &laquo;&nbsp;Textes et documents de r\u00e9f\u00e9rence&nbsp;&raquo;<\/span><\/a><\/p>\n","protected":false},"author":2,"featured_media":0,"parent":633,"menu_order":5,"comment_status":"closed","ping_status":"closed","template":"","meta":{"footnotes":""},"class_list":["post-1525","page","type-page","status-publish","hentry"],"jetpack_sharing_enabled":true,"_links":{"self":[{"href":"https:\/\/www.cirdic.fr\/index.php\/wp-json\/wp\/v2\/pages\/1525","targetHints":{"allow":["GET"]}}],"collection":[{"href":"https:\/\/www.cirdic.fr\/index.php\/wp-json\/wp\/v2\/pages"}],"about":[{"href":"https:\/\/www.cirdic.fr\/index.php\/wp-json\/wp\/v2\/types\/page"}],"author":[{"embeddable":true,"href":"https:\/\/www.cirdic.fr\/index.php\/wp-json\/wp\/v2\/users\/2"}],"replies":[{"embeddable":true,"href":"https:\/\/www.cirdic.fr\/index.php\/wp-json\/wp\/v2\/comments?post=1525"}],"version-history":[{"count":2,"href":"https:\/\/www.cirdic.fr\/index.php\/wp-json\/wp\/v2\/pages\/1525\/revisions"}],"predecessor-version":[{"id":4161,"href":"https:\/\/www.cirdic.fr\/index.php\/wp-json\/wp\/v2\/pages\/1525\/revisions\/4161"}],"up":[{"embeddable":true,"href":"https:\/\/www.cirdic.fr\/index.php\/wp-json\/wp\/v2\/pages\/633"}],"wp:attachment":[{"href":"https:\/\/www.cirdic.fr\/index.php\/wp-json\/wp\/v2\/media?parent=1525"}],"curies":[{"name":"wp","href":"https:\/\/api.w.org\/{rel}","templated":true}]}}