{"id":1403,"date":"2019-05-19T09:37:14","date_gmt":"2019-05-19T07:37:14","guid":{"rendered":"http:\/\/www.cirdic.fr\/?page_id=1403"},"modified":"2019-05-19T09:37:14","modified_gmt":"2019-05-19T07:37:14","slug":"nous-aider","status":"publish","type":"page","link":"https:\/\/www.cirdic.fr\/index.php\/qui-sommes-nous-2\/nous-aider\/","title":{"rendered":"Nous aider"},"content":{"rendered":"<div class=\"panel panel-default\" style=\"text-align: justify;\">\n<ul>\n<li><strong>Faites-vous conna\u00eetre !<\/strong> Vous \u00eates int\u00e9ress\u00e9 par nos cours et notre mission ou vous \u00eates d\u00e9j\u00e0 un acteur du dialogue entre les chr\u00e9tiens et les juifs, faites-vous connaitre en nous envoyant un email\u00a0:\u00a0<a href=\"mailto:contacts@cirdic.fr\">contacts@cirdic.fr<\/a><\/li>\n<li>Adh\u00e9rez \u00e0 notre association <a href=\"https:\/\/www.billetweb.fr\/cotisation-cirdic3\" target=\"_blank\" rel=\"noopener noreferrer\">en ligne<\/a>\u00a0ou en t\u00e9l\u00e9chargeant\u00a0<a href=\"https:\/\/www.cirdic.fr\/wp-content\/uploads\/2020\/11\/Appel-de-cotisation-2020.pdf\">l&rsquo;Appel de cotisation<\/a> et en nous le renvoyant rempli par courrier.<\/li>\n<li><strong>Diffusez !<\/strong> Parlez autour de\u00a0vous du CIRDIC et des cours du\u00a0<a href=\"https:\/\/www.collegedesbernardins.fr\/formation\/centre-chretien-detudes-juives\">Centre Chr\u00e9tien D\u2019\u00c9tudes Juives (CCDEJ)<\/a>.<\/li>\n<li><strong>Partagez !<\/strong> Transmettez ce lien \u00e0 vos amis et dans votre famille. Il importe que le dialogue entre juifs et chr\u00e9tiens soit connu !<\/li>\n<li><strong>Invitez !<\/strong> le P\u00e8re Desbois ou le Fr\u00e8re Louis-Marie \u00e0 s\u2019exprimer dans une association \u00e0 laquelle vous appartenez.<\/li>\n<li><strong>Suivez nous<\/strong> sur <a href=\"https:\/\/www.facebook.com\/CIRDIC\/?fref=ts\">Facebook<\/a>\u00a0!<\/li>\n<li><strong>B\u00e9n\u00e9volat !<\/strong> vous souhaitez nous aider dans notre mission,\u00a0faites-vous connaitre en nous envoyant un email\u00a0:\u00a0<a href=\"mailto:contacts@cirdic.fr\">contacts@cirdic.fr<\/a><\/li>\n<li><strong>Faites un don<\/strong> ! Pour r\u00e9aliser ces nouvelles actions, le CIRDIC ne pourra s\u2019appuyer que sur votre soutien et vos cotisations. Ses seules ressources viendront des membres cotisants.<br \/>\nMerci de nous encourager, de nous soutenir, de nous aider \u00e0 d\u00e9velopper ces nouvelles missions qui permettront, dans le monde d\u2019aujourd\u2019hui, de continuer \u00e0 faire vivre tout ce que le SIDIC a cr\u00e9\u00e9, sem\u00e9 et apport\u00e9 pour l\u2019approfondissement des relations entre juifs et chr\u00e9tiens.<br \/>\n<strong>Merci d\u2019envoyer vos dons \u00e0 : Association CIRDIC \u2013 131 boulevard de Grenelle 75015 Paris.<\/strong><br \/>\nUn re\u00e7u fiscal vous sera d\u00e9livr\u00e9.<\/li>\n<\/ul>\n<p>MAJ 06\/11\/2020<\/p>\n<\/div>\n","protected":false},"excerpt":{"rendered":"<p>Faites-vous conna\u00eetre ! Vous \u00eates int\u00e9ress\u00e9 par nos cours et notre mission ou vous \u00eates d\u00e9j\u00e0 un acteur du dialogue entre les chr\u00e9tiens et les juifs, faites-vous connaitre en nous envoyant un email\u00a0:\u00a0contacts@cirdic.fr Adh\u00e9rez \u00e0 notre association en ligne\u00a0ou en t\u00e9l\u00e9chargeant\u00a0l&rsquo;Appel de cotisation et en nous le renvoyant rempli par courrier. Diffusez ! Parlez autour &hellip; <a href=\"https:\/\/www.cirdic.fr\/index.php\/qui-sommes-nous-2\/nous-aider\/\" class=\"more-link\">Continuer la lecture<span class=\"screen-reader-text\"> de &laquo;&nbsp;Nous aider&nbsp;&raquo;<\/span><\/a><\/p>\n","protected":false},"author":2,"featured_media":0,"parent":689,"menu_order":0,"comment_status":"closed","ping_status":"closed","template":"","meta":{"footnotes":""},"class_list":["post-1403","page","type-page","status-publish","hentry"],"jetpack_sharing_enabled":true,"_links":{"self":[{"href":"https:\/\/www.cirdic.fr\/index.php\/wp-json\/wp\/v2\/pages\/1403","targetHints":{"allow":["GET"]}}],"collection":[{"href":"https:\/\/www.cirdic.fr\/index.php\/wp-json\/wp\/v2\/pages"}],"about":[{"href":"https:\/\/www.cirdic.fr\/index.php\/wp-json\/wp\/v2\/types\/page"}],"author":[{"embeddable":true,"href":"https:\/\/www.cirdic.fr\/index.php\/wp-json\/wp\/v2\/users\/2"}],"replies":[{"embeddable":true,"href":"https:\/\/www.cirdic.fr\/index.php\/wp-json\/wp\/v2\/comments?post=1403"}],"version-history":[{"count":0,"href":"https:\/\/www.cirdic.fr\/index.php\/wp-json\/wp\/v2\/pages\/1403\/revisions"}],"up":[{"embeddable":true,"href":"https:\/\/www.cirdic.fr\/index.php\/wp-json\/wp\/v2\/pages\/689"}],"wp:attachment":[{"href":"https:\/\/www.cirdic.fr\/index.php\/wp-json\/wp\/v2\/media?parent=1403"}],"curies":[{"name":"wp","href":"https:\/\/api.w.org\/{rel}","templated":true}]}}